{"id":2367,"date":"2019-12-01T15:19:13","date_gmt":"2019-12-01T15:19:13","guid":{"rendered":"http:\/\/tna.dz\/fr\/?page_id=2367"},"modified":"2019-12-01T15:19:13","modified_gmt":"2019-12-01T15:19:13","slug":"public-du-theatre-inscrivez-vous","status":"publish","type":"page","link":"https:\/\/tna.dz\/fr\/public-du-theatre-inscrivez-vous\/","title":{"rendered":"Public du th\u00e9\u00e2tre \/ Inscrivez-vous\u2026"},"content":{"rendered":"<p>Inscrivez-vous\u2026 si vous \u00eates int\u00e9ress\u00e9\u2026<br \/>\nLe site Web du Th\u00e9\u00e2tre national alg\u00e9rien ouvre une page de base de donn\u00e9es pour tous les acteurs, artistes et artistes amateurs int\u00e9ress\u00e9s par les arts de la sc\u00e8ne tels que le th\u00e9\u00e2tre, la danse et les arts audiovisuels issus du cin\u00e9ma et de la t\u00e9l\u00e9vision. Cette r\u00e8gle doit \u00eatre accessible aux producteurs, chercheurs et autres, sous le contr\u00f4le du Th\u00e9\u00e2tre national. &#8211; Ceux qui souhaitent envoyer une br\u00e8ve biographie et des photos r\u00e9centes ci-dessous. Remarque: les informations incompl\u00e8tes sont supprim\u00e9es.<\/p>\n\n<div class=\"wpcf7 no-js\" id=\"wpcf7-f2366-o1\" lang=\"fr-FR\" dir=\"ltr\">\n<div class=\"screen-reader-response\"><p role=\"status\" aria-live=\"polite\" aria-atomic=\"true\"><\/p> <ul><\/ul><\/div>\n<form action=\"\/fr\/wp-json\/wp\/v2\/pages\/2367#wpcf7-f2366-o1\" method=\"post\" class=\"wpcf7-form init\" aria-label=\"Formulaire de contact\" enctype=\"multipart\/form-data\" novalidate=\"novalidate\" data-status=\"init\">\n<div style=\"display: none;\">\n<input type=\"hidden\" name=\"_wpcf7\" value=\"2366\" \/>\n<input type=\"hidden\" name=\"_wpcf7_version\" value=\"5.9.6\" \/>\n<input type=\"hidden\" name=\"_wpcf7_locale\" value=\"fr_FR\" \/>\n<input type=\"hidden\" name=\"_wpcf7_unit_tag\" value=\"wpcf7-f2366-o1\" \/>\n<input type=\"hidden\" name=\"_wpcf7_container_post\" value=\"0\" \/>\n<input type=\"hidden\" name=\"_wpcf7_posted_data_hash\" value=\"\" \/>\n<\/div>\n<p><label> Nom et pr\u00e9nom (*)<br \/>\n<span class=\"wpcf7-form-control-wrap\" data-name=\"your-name\"><input size=\"40\" maxlength=\"80\" class=\"wpcf7-form-control wpcf7-text wpcf7-validates-as-required\" aria-required=\"true\" aria-invalid=\"false\" value=\"\" type=\"text\" name=\"your-name\" \/><\/span> <\/label>\n<\/p>\n<p><label> Votre e-mail<br \/>\n(*)<br \/>\n<span class=\"wpcf7-form-control-wrap\" data-name=\"your-email\"><input size=\"40\" maxlength=\"80\" class=\"wpcf7-form-control wpcf7-email wpcf7-validates-as-required wpcf7-text wpcf7-validates-as-email\" aria-required=\"true\" aria-invalid=\"false\" value=\"\" type=\"email\" name=\"your-email\" \/><\/span> <\/label>\n<\/p>\n<p><label> CV (*)<br \/>\n<span class=\"wpcf7-form-control-wrap\" data-name=\"cv\"><input size=\"40\" class=\"wpcf7-form-control wpcf7-file\" accept=\".doc,.docx,.pdf\" aria-invalid=\"false\" type=\"file\" name=\"cv\" \/><\/span><br \/>\n<\/label><br \/>\n<label> Objet<br \/>\n<span class=\"wpcf7-form-control-wrap\" data-name=\"your-subject\"><input size=\"40\" maxlength=\"80\" class=\"wpcf7-form-control wpcf7-text\" aria-invalid=\"false\" value=\"\" type=\"text\" name=\"your-subject\" \/><\/span> <\/label>\n<\/p>\n<p><label> Message<br \/>\n<span class=\"wpcf7-form-control-wrap\" data-name=\"your-message\"><textarea cols=\"40\" rows=\"10\" maxlength=\"400\" class=\"wpcf7-form-control wpcf7-textarea\" aria-invalid=\"false\" name=\"your-message\"><\/textarea><\/span> <\/label>\n<\/p>\n<p><input class=\"wpcf7-form-control wpcf7-submit has-spinner\" type=\"submit\" value=\"Envoyer\" \/>\n<\/p><div class=\"wpcf7-response-output\" aria-hidden=\"true\"><\/div>\n<\/form>\n<\/div>\n\n","protected":false},"excerpt":{"rendered":"<p>Inscrivez-vous\u2026 si vous \u00eates int\u00e9ress\u00e9\u2026 Le site Web du Th\u00e9\u00e2tre national alg\u00e9rien ouvre une page de base de donn\u00e9es pour tous les acteurs, artistes et artistes amateurs int\u00e9ress\u00e9s par les arts de la sc\u00e8ne tels que le th\u00e9\u00e2tre, la danse et les arts audiovisuels issus du cin\u00e9ma et de la t\u00e9l\u00e9vision. Cette r\u00e8gle doit \u00eatre &hellip;<\/p>\n","protected":false},"author":1,"featured_media":0,"parent":0,"menu_order":0,"comment_status":"closed","ping_status":"closed","template":"","meta":{"footnotes":""},"yoast_head":"<!-- This site is optimized with the Yoast SEO plugin v21.2 - https:\/\/yoast.com\/wordpress\/plugins\/seo\/ -->\n<title>Public du th\u00e9\u00e2tre \/ Inscrivez-vous\u2026 - Th\u00e9\u00e2tre national alg\u00e9rien<\/title>\n<meta name=\"description\" content=\"Inscrivez-vous\u2026 si vous \u00eates int\u00e9ress\u00e9\u2026 Le site Web du Th\u00e9\u00e2tre national alg\u00e9rien ouvre une page de base de donn\u00e9es pour tous les acteurs, artistes et\" \/>\n<meta name=\"robots\" content=\"index, follow, max-snippet:-1, max-image-preview:large, max-video-preview:-1\" \/>\n<link rel=\"canonical\" href=\"https:\/\/tna.dz\/fr\/public-du-theatre-inscrivez-vous\/\" \/>\n<meta property=\"og:locale\" content=\"fr_FR\" \/>\n<meta property=\"og:type\" content=\"article\" \/>\n<meta property=\"og:title\" content=\"Public du th\u00e9\u00e2tre \/ Inscrivez-vous\u2026 - Th\u00e9\u00e2tre national alg\u00e9rien\" \/>\n<meta property=\"og:description\" content=\"Inscrivez-vous\u2026 si vous \u00eates int\u00e9ress\u00e9\u2026 Le site Web du Th\u00e9\u00e2tre national alg\u00e9rien ouvre une page de base de donn\u00e9es pour tous les acteurs, artistes et\" \/>\n<meta property=\"og:url\" content=\"https:\/\/tna.dz\/fr\/public-du-theatre-inscrivez-vous\/\" \/>\n<meta property=\"og:site_name\" content=\"Th\u00e9\u00e2tre national alg\u00e9rien\" \/>\n<meta name=\"twitter:card\" content=\"summary_large_image\" \/>\n<meta name=\"twitter:label1\" content=\"Dur\u00e9e de lecture estim\u00e9e\" \/>\n\t<meta name=\"twitter:data1\" content=\"1 minute\" \/>\n<script type=\"application\/ld+json\" class=\"yoast-schema-graph\">{\"@context\":\"https:\/\/schema.org\",\"@graph\":[{\"@type\":\"WebPage\",\"@id\":\"https:\/\/tna.dz\/fr\/public-du-theatre-inscrivez-vous\/\",\"url\":\"https:\/\/tna.dz\/fr\/public-du-theatre-inscrivez-vous\/\",\"name\":\"Public du th\u00e9\u00e2tre \/ Inscrivez-vous\u2026 - Th\u00e9\u00e2tre national alg\u00e9rien\",\"isPartOf\":{\"@id\":\"https:\/\/tna.dz\/fr\/#website\"},\"datePublished\":\"2019-12-01T15:19:13+00:00\",\"dateModified\":\"2019-12-01T15:19:13+00:00\",\"description\":\"Inscrivez-vous\u2026 si vous \u00eates int\u00e9ress\u00e9\u2026 Le site Web du Th\u00e9\u00e2tre national alg\u00e9rien ouvre une page de base de donn\u00e9es pour tous les acteurs, artistes et\",\"breadcrumb\":{\"@id\":\"https:\/\/tna.dz\/fr\/public-du-theatre-inscrivez-vous\/#breadcrumb\"},\"inLanguage\":\"fr-FR\",\"potentialAction\":[{\"@type\":\"ReadAction\",\"target\":[\"https:\/\/tna.dz\/fr\/public-du-theatre-inscrivez-vous\/\"]}]},{\"@type\":\"BreadcrumbList\",\"@id\":\"https:\/\/tna.dz\/fr\/public-du-theatre-inscrivez-vous\/#breadcrumb\",\"itemListElement\":[{\"@type\":\"ListItem\",\"position\":1,\"name\":\"Accueil\",\"item\":\"https:\/\/tna.dz\/fr\/\"},{\"@type\":\"ListItem\",\"position\":2,\"name\":\"Public du th\u00e9\u00e2tre \/ Inscrivez-vous\u2026\"}]},{\"@type\":\"WebSite\",\"@id\":\"https:\/\/tna.dz\/fr\/#website\",\"url\":\"https:\/\/tna.dz\/fr\/\",\"name\":\"Th\u00e9\u00e2tre national alg\u00e9rien\",\"description\":\"Th\u00e9\u00e2tre national alg\u00e9rien Mahieddine Bachtarzi\",\"publisher\":{\"@id\":\"https:\/\/tna.dz\/fr\/#organization\"},\"potentialAction\":[{\"@type\":\"SearchAction\",\"target\":{\"@type\":\"EntryPoint\",\"urlTemplate\":\"https:\/\/tna.dz\/fr\/?s={search_term_string}\"},\"query-input\":\"required name=search_term_string\"}],\"inLanguage\":\"fr-FR\"},{\"@type\":\"Organization\",\"@id\":\"https:\/\/tna.dz\/fr\/#organization\",\"name\":\"Le Th\u00e9\u00e2tre national alg\u00e9rien\",\"url\":\"https:\/\/tna.dz\/fr\/\",\"logo\":{\"@type\":\"ImageObject\",\"inLanguage\":\"fr-FR\",\"@id\":\"https:\/\/tna.dz\/fr\/#\/schema\/logo\/image\/\",\"url\":\"https:\/\/www.tna.dz\/fr\/wp-content\/uploads\/2019\/11\/repertoire-tna-2018-2-1.png\",\"contentUrl\":\"https:\/\/www.tna.dz\/fr\/wp-content\/uploads\/2019\/11\/repertoire-tna-2018-2-1.png\",\"width\":200,\"height\":84,\"caption\":\"Le Th\u00e9\u00e2tre national alg\u00e9rien\"},\"image\":{\"@id\":\"https:\/\/tna.dz\/fr\/#\/schema\/logo\/image\/\"}}]}<\/script>\n<!-- \/ Yoast SEO plugin. -->","yoast_head_json":{"title":"Public du th\u00e9\u00e2tre \/ Inscrivez-vous\u2026 - Th\u00e9\u00e2tre national alg\u00e9rien","description":"Inscrivez-vous\u2026 si vous \u00eates int\u00e9ress\u00e9\u2026 Le site Web du Th\u00e9\u00e2tre national alg\u00e9rien ouvre une page de base de donn\u00e9es pour tous les acteurs, artistes et","robots":{"index":"index","follow":"follow","max-snippet":"max-snippet:-1","max-image-preview":"max-image-preview:large","max-video-preview":"max-video-preview:-1"},"canonical":"https:\/\/tna.dz\/fr\/public-du-theatre-inscrivez-vous\/","og_locale":"fr_FR","og_type":"article","og_title":"Public du th\u00e9\u00e2tre \/ Inscrivez-vous\u2026 - Th\u00e9\u00e2tre national alg\u00e9rien","og_description":"Inscrivez-vous\u2026 si vous \u00eates int\u00e9ress\u00e9\u2026 Le site Web du Th\u00e9\u00e2tre national alg\u00e9rien ouvre une page de base de donn\u00e9es pour tous les acteurs, artistes et","og_url":"https:\/\/tna.dz\/fr\/public-du-theatre-inscrivez-vous\/","og_site_name":"Th\u00e9\u00e2tre national alg\u00e9rien","twitter_card":"summary_large_image","twitter_misc":{"Dur\u00e9e de lecture estim\u00e9e":"1 minute"},"schema":{"@context":"https:\/\/schema.org","@graph":[{"@type":"WebPage","@id":"https:\/\/tna.dz\/fr\/public-du-theatre-inscrivez-vous\/","url":"https:\/\/tna.dz\/fr\/public-du-theatre-inscrivez-vous\/","name":"Public du th\u00e9\u00e2tre \/ Inscrivez-vous\u2026 - Th\u00e9\u00e2tre national alg\u00e9rien","isPartOf":{"@id":"https:\/\/tna.dz\/fr\/#website"},"datePublished":"2019-12-01T15:19:13+00:00","dateModified":"2019-12-01T15:19:13+00:00","description":"Inscrivez-vous\u2026 si vous \u00eates int\u00e9ress\u00e9\u2026 Le site Web du Th\u00e9\u00e2tre national alg\u00e9rien ouvre une page de base de donn\u00e9es pour tous les acteurs, artistes et","breadcrumb":{"@id":"https:\/\/tna.dz\/fr\/public-du-theatre-inscrivez-vous\/#breadcrumb"},"inLanguage":"fr-FR","potentialAction":[{"@type":"ReadAction","target":["https:\/\/tna.dz\/fr\/public-du-theatre-inscrivez-vous\/"]}]},{"@type":"BreadcrumbList","@id":"https:\/\/tna.dz\/fr\/public-du-theatre-inscrivez-vous\/#breadcrumb","itemListElement":[{"@type":"ListItem","position":1,"name":"Accueil","item":"https:\/\/tna.dz\/fr\/"},{"@type":"ListItem","position":2,"name":"Public du th\u00e9\u00e2tre \/ Inscrivez-vous\u2026"}]},{"@type":"WebSite","@id":"https:\/\/tna.dz\/fr\/#website","url":"https:\/\/tna.dz\/fr\/","name":"Th\u00e9\u00e2tre national alg\u00e9rien","description":"Th\u00e9\u00e2tre national alg\u00e9rien Mahieddine Bachtarzi","publisher":{"@id":"https:\/\/tna.dz\/fr\/#organization"},"potentialAction":[{"@type":"SearchAction","target":{"@type":"EntryPoint","urlTemplate":"https:\/\/tna.dz\/fr\/?s={search_term_string}"},"query-input":"required name=search_term_string"}],"inLanguage":"fr-FR"},{"@type":"Organization","@id":"https:\/\/tna.dz\/fr\/#organization","name":"Le Th\u00e9\u00e2tre national alg\u00e9rien","url":"https:\/\/tna.dz\/fr\/","logo":{"@type":"ImageObject","inLanguage":"fr-FR","@id":"https:\/\/tna.dz\/fr\/#\/schema\/logo\/image\/","url":"https:\/\/www.tna.dz\/fr\/wp-content\/uploads\/2019\/11\/repertoire-tna-2018-2-1.png","contentUrl":"https:\/\/www.tna.dz\/fr\/wp-content\/uploads\/2019\/11\/repertoire-tna-2018-2-1.png","width":200,"height":84,"caption":"Le Th\u00e9\u00e2tre national alg\u00e9rien"},"image":{"@id":"https:\/\/tna.dz\/fr\/#\/schema\/logo\/image\/"}}]}},"_links":{"self":[{"href":"https:\/\/tna.dz\/fr\/wp-json\/wp\/v2\/pages\/2367"}],"collection":[{"href":"https:\/\/tna.dz\/fr\/wp-json\/wp\/v2\/pages"}],"about":[{"href":"https:\/\/tna.dz\/fr\/wp-json\/wp\/v2\/types\/page"}],"author":[{"embeddable":true,"href":"https:\/\/tna.dz\/fr\/wp-json\/wp\/v2\/users\/1"}],"replies":[{"embeddable":true,"href":"https:\/\/tna.dz\/fr\/wp-json\/wp\/v2\/comments?post=2367"}],"version-history":[{"count":0,"href":"https:\/\/tna.dz\/fr\/wp-json\/wp\/v2\/pages\/2367\/revisions"}],"wp:attachment":[{"href":"https:\/\/tna.dz\/fr\/wp-json\/wp\/v2\/media?parent=2367"}],"curies":[{"name":"wp","href":"https:\/\/api.w.org\/{rel}","templated":true}]}}