{"id":698,"date":"2019-03-21T14:44:10","date_gmt":"2019-03-21T14:44:10","guid":{"rendered":"http:\/\/tna.dz\/fr\/?page_id=698"},"modified":"2021-02-28T11:07:23","modified_gmt":"2021-02-28T11:07:23","slug":"histoire-du-batiment","status":"publish","type":"page","link":"https:\/\/tna.dz\/fr\/histoire-du-batiment\/","title":{"rendered":"Histoire du b\u00e2timent"},"content":{"rendered":"<h2><span style=\"color: #008080;\">L&rsquo;<\/span><span style=\"color: #008080;\"><strong>\u00c9difice: un joyau architectural <\/strong><\/span><\/h2>\n<p>Le Th\u00e9\u00e2tre national alg\u00e9rien, qui porte le nom du grand dramaturge alg\u00e9rien Mahieddine Bachtarzi, est situ\u00e9 dans la commune d\u2019Alger-Centre (Wilaya d\u2019Alger), \u00e0 quelques centaines de m\u00e8tres de la Place des Martyrs. Construit sur une p\u00e9riode s&rsquo;\u00e9tendant entre mai 1850 et septembre 1853, le th\u00e9\u00e2tre, qui devait au d\u00e9but \u00eatre construit au niveau de l\u2019actuelle Place des Martyrs, fut \u00e9difi\u00e9 sur le terrain d\u2019une ancienne caserne des gardes turcs.<\/p>\n<p>\u0152uvre des architectes fran\u00e7ais Charles Fr\u00e9d\u00e9ric Chass\u00e9riau et Justin Ponsard, le b\u00e2timent, qui portait le nom d\u2019Op\u00e9ra, est un v\u00e9ritable joyau architectural, de style n\u00e9o-baroque.<\/p>\n<p>De larges escaliers en pierre donnent acc\u00e8s \u00e0 sept portiques en saillies, chaque portique \u00e9tant encadr\u00e9 par deux pilastres cannel\u00e9s, coiff\u00e9s de chapiteaux ioniques d\u2019une beaut\u00e9 remarquable. Les volutes y sont petites et reposent sur une \u00e9chine orn\u00e9e d\u2019oves. Le tailloir de chaque chapiteau est d\u00e9cor\u00e9 d\u2019une couronne, symbole de r\u00e9ussite. Ces pilastres supportent un entablement avec une frise ionique. Ces portails ont chacun un tympan semi-circulaire orn\u00e9 de rayons et des statuettes. Au niveau de la clef d\u2019arc de la porte, un \u00e9l\u00e9ment purement esth\u00e9tique et d\u00e9coratif. Au-dessus de l\u2019entablement, un oculus entour\u00e9 d\u2019ornementations.<\/p>\n<p>Au premier \u00e9tage, trois larges baies vitr\u00e9es et quatre doubles fen\u00eatres \u00e0 entrecolonnement \u00e9clairent l\u2019int\u00e9rieur du foyer. En dessus, au deuxi\u00e8me \u00e9tage, des portes fen\u00eatres donnant acc\u00e8s \u00e0 des terrasses d\u2019o\u00f9 l\u2019on d\u00e9couvre la ville. Le tout coiff\u00e9 par un d\u00f4me.\u00a0\u00a0En plus de ces ouvertures vers l\u2019ext\u00e9rieur, le visiteur d\u00e9couvre\u00a0des m\u00e9daillons, arabesques, rosaces, acanthes, rinceaux, pilastres, frontons, chapiteaux entre les colonnes, cariatides, putti dans les niches, appareillages,\u00a0\u00a0et surtout ces colonnes supportant l\u2019entablement constitu\u00e9 d\u2019une frise continue de style corinthien sculpt\u00e9e de grosses fleurs sont \u00e0 d\u00e9couvrir.<\/p>\n<p>&nbsp;<\/p>\n<div id='gallery-1' class='gallery galleryid-698 gallery-columns-2 gallery-size-medium'><figure class='gallery-item'>\n\t\t\t<div class='gallery-icon landscape'>\n\t\t\t\t<a href='https:\/\/tna.dz\/fr\/wp-content\/uploads\/2019\/03\/tna-ancienne-photo.jpg'><img width=\"300\" height=\"233\" src=\"https:\/\/tna.dz\/fr\/wp-content\/uploads\/2019\/03\/tna-ancienne-photo-300x233.jpg\" class=\"attachment-medium size-medium\" alt=\"Th\u00e9\u00e2tre National Alg\u00e9rien\" decoding=\"async\" loading=\"lazy\" srcset=\"https:\/\/tna.dz\/fr\/wp-content\/uploads\/2019\/03\/tna-ancienne-photo-300x233.jpg 300w, https:\/\/tna.dz\/fr\/wp-content\/uploads\/2019\/03\/tna-ancienne-photo.jpg 567w\" sizes=\"(max-width: 300px) 100vw, 300px\" \/><\/a>\n\t\t\t<\/div><\/figure><figure class='gallery-item'>\n\t\t\t<div class='gallery-icon landscape'>\n\t\t\t\t<a href='https:\/\/tna.dz\/fr\/wp-content\/uploads\/2019\/03\/l-opera-et-le-tantonville-567x330.jpg'><img width=\"300\" height=\"233\" src=\"https:\/\/tna.dz\/fr\/wp-content\/uploads\/2019\/03\/l-opera-et-le-tantonville-567x330-300x233.jpg\" class=\"attachment-medium size-medium\" alt=\"Th\u00e9\u00e2tre National Alg\u00e9rien\" decoding=\"async\" loading=\"lazy\" srcset=\"https:\/\/tna.dz\/fr\/wp-content\/uploads\/2019\/03\/l-opera-et-le-tantonville-567x330-300x233.jpg 300w, https:\/\/tna.dz\/fr\/wp-content\/uploads\/2019\/03\/l-opera-et-le-tantonville-567x330.jpg 567w\" sizes=\"(max-width: 300px) 100vw, 300px\" \/><\/a>\n\t\t\t<\/div><\/figure><figure class='gallery-item'>\n\t\t\t<div class='gallery-icon landscape'>\n\t\t\t\t<a href='https:\/\/tna.dz\/fr\/wp-content\/uploads\/2019\/03\/hist-tna02.jpg'><img width=\"300\" height=\"233\" src=\"https:\/\/tna.dz\/fr\/wp-content\/uploads\/2019\/03\/hist-tna02-300x233.jpg\" class=\"attachment-medium size-medium\" alt=\"Th\u00e9\u00e2tre National Alg\u00e9rien\" decoding=\"async\" loading=\"lazy\" srcset=\"https:\/\/tna.dz\/fr\/wp-content\/uploads\/2019\/03\/hist-tna02-300x233.jpg 300w, https:\/\/tna.dz\/fr\/wp-content\/uploads\/2019\/03\/hist-tna02.jpg 567w\" sizes=\"(max-width: 300px) 100vw, 300px\" \/><\/a>\n\t\t\t<\/div><\/figure><figure class='gallery-item'>\n\t\t\t<div class='gallery-icon landscape'>\n\t\t\t\t<a href='https:\/\/tna.dz\/fr\/wp-content\/uploads\/2019\/03\/h-tna-02.jpg'><img width=\"300\" height=\"233\" src=\"https:\/\/tna.dz\/fr\/wp-content\/uploads\/2019\/03\/h-tna-02-300x233.jpg\" class=\"attachment-medium size-medium\" alt=\"Th\u00e9\u00e2tre National Alg\u00e9rien\" decoding=\"async\" loading=\"lazy\" srcset=\"https:\/\/tna.dz\/fr\/wp-content\/uploads\/2019\/03\/h-tna-02-300x233.jpg 300w, https:\/\/tna.dz\/fr\/wp-content\/uploads\/2019\/03\/h-tna-02.jpg 567w\" sizes=\"(max-width: 300px) 100vw, 300px\" \/><\/a>\n\t\t\t<\/div><\/figure>\n\t\t<\/div>\n\n","protected":false},"excerpt":{"rendered":"<p>L&rsquo;\u00c9difice: un joyau architectural Le Th\u00e9\u00e2tre national alg\u00e9rien, qui porte le nom du grand dramaturge alg\u00e9rien Mahieddine Bachtarzi, est situ\u00e9 dans la commune d\u2019Alger-Centre (Wilaya d\u2019Alger), \u00e0 quelques centaines de m\u00e8tres de la Place des Martyrs. Construit sur une p\u00e9riode s&rsquo;\u00e9tendant entre mai 1850 et septembre 1853, le th\u00e9\u00e2tre, qui devait au d\u00e9but \u00eatre construit &hellip;<\/p>\n","protected":false},"author":1,"featured_media":818,"parent":0,"menu_order":0,"comment_status":"closed","ping_status":"closed","template":"","meta":{"footnotes":""},"yoast_head":"<!-- This site is optimized with the Yoast SEO plugin v21.2 - https:\/\/yoast.com\/wordpress\/plugins\/seo\/ -->\n<title>Le Th\u00e9\u00e2tre national alg\u00e9rien, Mahieddine Bachtarzi,<\/title>\n<meta name=\"description\" content=\"Le Th\u00e9\u00e2tre national alg\u00e9rien, qui porte le nom du grand dramaturge alg\u00e9rien Mahieddine Bachtarzi, est situ\u00e9 dans la commune d\u2019Alger-Centre (Wilaya d\u2019Alger),\" \/>\n<meta name=\"robots\" content=\"index, follow, max-snippet:-1, max-image-preview:large, max-video-preview:-1\" \/>\n<link rel=\"canonical\" href=\"https:\/\/tna.dz\/fr\/histoire-du-batiment\/\" \/>\n<meta property=\"og:locale\" content=\"fr_FR\" \/>\n<meta property=\"og:type\" content=\"article\" \/>\n<meta property=\"og:title\" content=\"Th\u00e9\u00e2tre National Alg\u00e9rien\" \/>\n<meta property=\"og:description\" content=\"Le Th\u00e9\u00e2tre national alg\u00e9rien, qui porte le nom du grand dramaturge alg\u00e9rien Mahieddine Bachtarzi, est situ\u00e9 dans la commune d\u2019Alger-Centre (Wilaya d\u2019Alger),\" \/>\n<meta property=\"og:url\" content=\"https:\/\/tna.dz\/fr\/histoire-du-batiment\/\" \/>\n<meta property=\"og:site_name\" content=\"Th\u00e9\u00e2tre national alg\u00e9rien\" \/>\n<meta property=\"article:modified_time\" content=\"2021-02-28T11:07:23+00:00\" \/>\n<meta property=\"og:image\" content=\"https:\/\/tna.dz\/fr\/wp-content\/uploads\/2019\/03\/tna_batiment-620x330.png\" \/>\n\t<meta property=\"og:image:width\" content=\"620\" \/>\n\t<meta property=\"og:image:height\" content=\"330\" \/>\n\t<meta property=\"og:image:type\" content=\"image\/png\" \/>\n<meta name=\"twitter:card\" content=\"summary_large_image\" \/>\n<meta name=\"twitter:title\" content=\"Th\u00e9\u00e2tre National Alg\u00e9rien\" \/>\n<meta name=\"twitter:label1\" content=\"Dur\u00e9e de lecture estim\u00e9e\" \/>\n\t<meta name=\"twitter:data1\" content=\"2 minutes\" \/>\n<script type=\"application\/ld+json\" class=\"yoast-schema-graph\">{\"@context\":\"https:\/\/schema.org\",\"@graph\":[{\"@type\":\"WebPage\",\"@id\":\"https:\/\/tna.dz\/fr\/histoire-du-batiment\/\",\"url\":\"https:\/\/tna.dz\/fr\/histoire-du-batiment\/\",\"name\":\"Le Th\u00e9\u00e2tre national alg\u00e9rien, Mahieddine Bachtarzi,\",\"isPartOf\":{\"@id\":\"https:\/\/tna.dz\/fr\/#website\"},\"datePublished\":\"2019-03-21T14:44:10+00:00\",\"dateModified\":\"2021-02-28T11:07:23+00:00\",\"description\":\"Le Th\u00e9\u00e2tre national alg\u00e9rien, qui porte le nom du grand dramaturge alg\u00e9rien Mahieddine Bachtarzi, est situ\u00e9 dans la commune d\u2019Alger-Centre (Wilaya d\u2019Alger),\",\"breadcrumb\":{\"@id\":\"https:\/\/tna.dz\/fr\/histoire-du-batiment\/#breadcrumb\"},\"inLanguage\":\"fr-FR\",\"potentialAction\":[{\"@type\":\"ReadAction\",\"target\":[\"https:\/\/tna.dz\/fr\/histoire-du-batiment\/\"]}]},{\"@type\":\"BreadcrumbList\",\"@id\":\"https:\/\/tna.dz\/fr\/histoire-du-batiment\/#breadcrumb\",\"itemListElement\":[{\"@type\":\"ListItem\",\"position\":1,\"name\":\"Accueil\",\"item\":\"https:\/\/tna.dz\/fr\/\"},{\"@type\":\"ListItem\",\"position\":2,\"name\":\"Histoire du b\u00e2timent\"}]},{\"@type\":\"WebSite\",\"@id\":\"https:\/\/tna.dz\/fr\/#website\",\"url\":\"https:\/\/tna.dz\/fr\/\",\"name\":\"Th\u00e9\u00e2tre national alg\u00e9rien\",\"description\":\"Th\u00e9\u00e2tre national alg\u00e9rien Mahieddine Bachtarzi\",\"publisher\":{\"@id\":\"https:\/\/tna.dz\/fr\/#organization\"},\"potentialAction\":[{\"@type\":\"SearchAction\",\"target\":{\"@type\":\"EntryPoint\",\"urlTemplate\":\"https:\/\/tna.dz\/fr\/?s={search_term_string}\"},\"query-input\":\"required name=search_term_string\"}],\"inLanguage\":\"fr-FR\"},{\"@type\":\"Organization\",\"@id\":\"https:\/\/tna.dz\/fr\/#organization\",\"name\":\"Le Th\u00e9\u00e2tre national alg\u00e9rien\",\"url\":\"https:\/\/tna.dz\/fr\/\",\"logo\":{\"@type\":\"ImageObject\",\"inLanguage\":\"fr-FR\",\"@id\":\"https:\/\/tna.dz\/fr\/#\/schema\/logo\/image\/\",\"url\":\"https:\/\/www.tna.dz\/fr\/wp-content\/uploads\/2019\/11\/repertoire-tna-2018-2-1.png\",\"contentUrl\":\"https:\/\/www.tna.dz\/fr\/wp-content\/uploads\/2019\/11\/repertoire-tna-2018-2-1.png\",\"width\":200,\"height\":84,\"caption\":\"Le Th\u00e9\u00e2tre national alg\u00e9rien\"},\"image\":{\"@id\":\"https:\/\/tna.dz\/fr\/#\/schema\/logo\/image\/\"}}]}<\/script>\n<!-- \/ Yoast SEO plugin. -->","yoast_head_json":{"title":"Le Th\u00e9\u00e2tre national alg\u00e9rien, Mahieddine Bachtarzi,","description":"Le Th\u00e9\u00e2tre national alg\u00e9rien, qui porte le nom du grand dramaturge alg\u00e9rien Mahieddine Bachtarzi, est situ\u00e9 dans la commune d\u2019Alger-Centre (Wilaya d\u2019Alger),","robots":{"index":"index","follow":"follow","max-snippet":"max-snippet:-1","max-image-preview":"max-image-preview:large","max-video-preview":"max-video-preview:-1"},"canonical":"https:\/\/tna.dz\/fr\/histoire-du-batiment\/","og_locale":"fr_FR","og_type":"article","og_title":"Th\u00e9\u00e2tre National Alg\u00e9rien","og_description":"Le Th\u00e9\u00e2tre national alg\u00e9rien, qui porte le nom du grand dramaturge alg\u00e9rien Mahieddine Bachtarzi, est situ\u00e9 dans la commune d\u2019Alger-Centre (Wilaya d\u2019Alger),","og_url":"https:\/\/tna.dz\/fr\/histoire-du-batiment\/","og_site_name":"Th\u00e9\u00e2tre national alg\u00e9rien","article_modified_time":"2021-02-28T11:07:23+00:00","og_image":[{"width":620,"height":330,"url":"https:\/\/tna.dz\/fr\/wp-content\/uploads\/2019\/03\/tna_batiment-620x330.png","type":"image\/png"}],"twitter_card":"summary_large_image","twitter_title":"Th\u00e9\u00e2tre National Alg\u00e9rien","twitter_misc":{"Dur\u00e9e de lecture estim\u00e9e":"2 minutes"},"schema":{"@context":"https:\/\/schema.org","@graph":[{"@type":"WebPage","@id":"https:\/\/tna.dz\/fr\/histoire-du-batiment\/","url":"https:\/\/tna.dz\/fr\/histoire-du-batiment\/","name":"Le Th\u00e9\u00e2tre national alg\u00e9rien, Mahieddine Bachtarzi,","isPartOf":{"@id":"https:\/\/tna.dz\/fr\/#website"},"datePublished":"2019-03-21T14:44:10+00:00","dateModified":"2021-02-28T11:07:23+00:00","description":"Le Th\u00e9\u00e2tre national alg\u00e9rien, qui porte le nom du grand dramaturge alg\u00e9rien Mahieddine Bachtarzi, est situ\u00e9 dans la commune d\u2019Alger-Centre (Wilaya d\u2019Alger),","breadcrumb":{"@id":"https:\/\/tna.dz\/fr\/histoire-du-batiment\/#breadcrumb"},"inLanguage":"fr-FR","potentialAction":[{"@type":"ReadAction","target":["https:\/\/tna.dz\/fr\/histoire-du-batiment\/"]}]},{"@type":"BreadcrumbList","@id":"https:\/\/tna.dz\/fr\/histoire-du-batiment\/#breadcrumb","itemListElement":[{"@type":"ListItem","position":1,"name":"Accueil","item":"https:\/\/tna.dz\/fr\/"},{"@type":"ListItem","position":2,"name":"Histoire du b\u00e2timent"}]},{"@type":"WebSite","@id":"https:\/\/tna.dz\/fr\/#website","url":"https:\/\/tna.dz\/fr\/","name":"Th\u00e9\u00e2tre national alg\u00e9rien","description":"Th\u00e9\u00e2tre national alg\u00e9rien Mahieddine Bachtarzi","publisher":{"@id":"https:\/\/tna.dz\/fr\/#organization"},"potentialAction":[{"@type":"SearchAction","target":{"@type":"EntryPoint","urlTemplate":"https:\/\/tna.dz\/fr\/?s={search_term_string}"},"query-input":"required name=search_term_string"}],"inLanguage":"fr-FR"},{"@type":"Organization","@id":"https:\/\/tna.dz\/fr\/#organization","name":"Le Th\u00e9\u00e2tre national alg\u00e9rien","url":"https:\/\/tna.dz\/fr\/","logo":{"@type":"ImageObject","inLanguage":"fr-FR","@id":"https:\/\/tna.dz\/fr\/#\/schema\/logo\/image\/","url":"https:\/\/www.tna.dz\/fr\/wp-content\/uploads\/2019\/11\/repertoire-tna-2018-2-1.png","contentUrl":"https:\/\/www.tna.dz\/fr\/wp-content\/uploads\/2019\/11\/repertoire-tna-2018-2-1.png","width":200,"height":84,"caption":"Le Th\u00e9\u00e2tre national alg\u00e9rien"},"image":{"@id":"https:\/\/tna.dz\/fr\/#\/schema\/logo\/image\/"}}]}},"_links":{"self":[{"href":"https:\/\/tna.dz\/fr\/wp-json\/wp\/v2\/pages\/698"}],"collection":[{"href":"https:\/\/tna.dz\/fr\/wp-json\/wp\/v2\/pages"}],"about":[{"href":"https:\/\/tna.dz\/fr\/wp-json\/wp\/v2\/types\/page"}],"author":[{"embeddable":true,"href":"https:\/\/tna.dz\/fr\/wp-json\/wp\/v2\/users\/1"}],"replies":[{"embeddable":true,"href":"https:\/\/tna.dz\/fr\/wp-json\/wp\/v2\/comments?post=698"}],"version-history":[{"count":0,"href":"https:\/\/tna.dz\/fr\/wp-json\/wp\/v2\/pages\/698\/revisions"}],"wp:featuredmedia":[{"embeddable":true,"href":"https:\/\/tna.dz\/fr\/wp-json\/wp\/v2\/media\/818"}],"wp:attachment":[{"href":"https:\/\/tna.dz\/fr\/wp-json\/wp\/v2\/media?parent=698"}],"curies":[{"name":"wp","href":"https:\/\/api.w.org\/{rel}","templated":true}]}}