{"id":747,"date":"2019-03-21T16:24:49","date_gmt":"2019-03-21T16:24:49","guid":{"rendered":"http:\/\/tna.dz\/fr\/?page_id=747"},"modified":"2020-10-19T09:52:14","modified_gmt":"2020-10-19T09:52:14","slug":"piece-theatrale","status":"publish","type":"page","link":"https:\/\/tna.dz\/fr\/piece-theatrale\/","title":{"rendered":"Pi\u00e8ces th\u00e9\u00e2trales"},"content":{"rendered":"<p>Le r\u00e9pertoire du Th\u00e9\u00e2tre National Alg\u00e9rien est riche, variant par ses \u0153uvres th\u00e9\u00e2trales et artistiques intemporelles \u00e0 travers des d\u00e9cennies, le visiteur de la page peut acc\u00e9der aux produits de l\u2019\u00e9tablissement depuis 1963 jusqu\u2019\u00e0 nos jour, par le biais de l&rsquo;archive des photos, des affiches, des fiches techniques des \u0153uvres classiques et contemporaines.<\/p>\n<hr \/>\n<h3><span style=\"color: #008080;\">\u00a0 Fiches techniques des pi\u00e8ces th\u00e9\u00e2trales :<\/span><\/h3>\n<ul>\n<li><a href=\"http:\/\/tna.dz\/fr\/pieces-theatrales-de-1963-a-1969\/\">Pi\u00e8ces Th\u00e9\u00e2trales de 1963 \u00e0 1969<\/a><\/li>\n<li><a href=\"http:\/\/tna.dz\/fr\/pieces-theatrales-de-1970-a-1979\/\">Pi\u00e8ces Th\u00e9\u00e2trales\u00a0 de 1970 \u00e0 1979<\/a><\/li>\n<li><a href=\"http:\/\/tna.dz\/fr\/pieces-theatrales-de-1980-a-1989\/\">Pi\u00e8ces Th\u00e9\u00e2trales\u00a0 de 1980 \u00e0 1989<\/a><\/li>\n<li><a href=\"http:\/\/tna.dz\/fr\/pieces-theatrales-de-1990-a-1999\/\">Pi\u00e8ces Th\u00e9\u00e2trales\u00a0 de 1990 \u00e0 1999<\/a><\/li>\n<li><a href=\"http:\/\/tna.dz\/fr\/pieces-theatrales-de-2000-a-2009\/\">Pi\u00e8ces Th\u00e9\u00e2trales\u00a0 de 2000 \u00e0 2009<\/a><\/li>\n<li><a href=\"http:\/\/tna.dz\/fr\/pieces-theatrales-de-2010-a-2018\/\">Pi\u00e8ces Th\u00e9\u00e2trales\u00a0 de 2010 \u00e0 2018<\/a><\/li>\n<\/ul>\n","protected":false},"excerpt":{"rendered":"<p>Le r\u00e9pertoire du Th\u00e9\u00e2tre National Alg\u00e9rien est riche, variant par ses \u0153uvres th\u00e9\u00e2trales et artistiques intemporelles \u00e0 travers des d\u00e9cennies, le visiteur de la page peut acc\u00e9der aux produits de l\u2019\u00e9tablissement depuis 1963 jusqu\u2019\u00e0 nos jour, par le biais de l&rsquo;archive des photos, des affiches, des fiches techniques des \u0153uvres classiques et contemporaines. \u00a0 Fiches &hellip;<\/p>\n","protected":false},"author":1,"featured_media":0,"parent":0,"menu_order":0,"comment_status":"closed","ping_status":"closed","template":"","meta":{"footnotes":""},"yoast_head":"<!-- This site is optimized with the Yoast SEO plugin v21.2 - https:\/\/yoast.com\/wordpress\/plugins\/seo\/ -->\n<title>Pi\u00e8ces th\u00e9\u00e2trales - Th\u00e9\u00e2tre national alg\u00e9rien<\/title>\n<meta name=\"description\" content=\"Le r\u00e9pertoire du Th\u00e9\u00e2tre National Alg\u00e9rien est riche, variant par ses \u0153uvres th\u00e9\u00e2trales et artistiques intemporelles \u00e0 travers des d\u00e9cennies, le visiteur\" \/>\n<meta name=\"robots\" content=\"index, follow, max-snippet:-1, max-image-preview:large, max-video-preview:-1\" \/>\n<link rel=\"canonical\" href=\"https:\/\/tna.dz\/fr\/piece-theatrale\/\" \/>\n<meta property=\"og:locale\" content=\"fr_FR\" \/>\n<meta property=\"og:type\" content=\"article\" \/>\n<meta property=\"og:title\" content=\"Pi\u00e8ces th\u00e9\u00e2trales - Th\u00e9\u00e2tre national alg\u00e9rien\" \/>\n<meta property=\"og:description\" content=\"Le r\u00e9pertoire du Th\u00e9\u00e2tre National Alg\u00e9rien est riche, variant par ses \u0153uvres th\u00e9\u00e2trales et artistiques intemporelles \u00e0 travers des d\u00e9cennies, le visiteur\" \/>\n<meta property=\"og:url\" content=\"https:\/\/tna.dz\/fr\/piece-theatrale\/\" \/>\n<meta property=\"og:site_name\" content=\"Th\u00e9\u00e2tre national alg\u00e9rien\" \/>\n<meta property=\"article:modified_time\" content=\"2020-10-19T09:52:14+00:00\" \/>\n<meta name=\"twitter:card\" content=\"summary_large_image\" \/>\n<script type=\"application\/ld+json\" class=\"yoast-schema-graph\">{\"@context\":\"https:\/\/schema.org\",\"@graph\":[{\"@type\":\"WebPage\",\"@id\":\"https:\/\/tna.dz\/fr\/piece-theatrale\/\",\"url\":\"https:\/\/tna.dz\/fr\/piece-theatrale\/\",\"name\":\"Pi\u00e8ces th\u00e9\u00e2trales - Th\u00e9\u00e2tre national alg\u00e9rien\",\"isPartOf\":{\"@id\":\"https:\/\/tna.dz\/fr\/#website\"},\"datePublished\":\"2019-03-21T16:24:49+00:00\",\"dateModified\":\"2020-10-19T09:52:14+00:00\",\"description\":\"Le r\u00e9pertoire du Th\u00e9\u00e2tre National Alg\u00e9rien est riche, variant par ses \u0153uvres th\u00e9\u00e2trales et artistiques intemporelles \u00e0 travers des d\u00e9cennies, le visiteur\",\"breadcrumb\":{\"@id\":\"https:\/\/tna.dz\/fr\/piece-theatrale\/#breadcrumb\"},\"inLanguage\":\"fr-FR\",\"potentialAction\":[{\"@type\":\"ReadAction\",\"target\":[\"https:\/\/tna.dz\/fr\/piece-theatrale\/\"]}]},{\"@type\":\"BreadcrumbList\",\"@id\":\"https:\/\/tna.dz\/fr\/piece-theatrale\/#breadcrumb\",\"itemListElement\":[{\"@type\":\"ListItem\",\"position\":1,\"name\":\"Accueil\",\"item\":\"https:\/\/tna.dz\/fr\/\"},{\"@type\":\"ListItem\",\"position\":2,\"name\":\"Pi\u00e8ces th\u00e9\u00e2trales\"}]},{\"@type\":\"WebSite\",\"@id\":\"https:\/\/tna.dz\/fr\/#website\",\"url\":\"https:\/\/tna.dz\/fr\/\",\"name\":\"Th\u00e9\u00e2tre national alg\u00e9rien\",\"description\":\"Th\u00e9\u00e2tre national alg\u00e9rien Mahieddine Bachtarzi\",\"publisher\":{\"@id\":\"https:\/\/tna.dz\/fr\/#organization\"},\"potentialAction\":[{\"@type\":\"SearchAction\",\"target\":{\"@type\":\"EntryPoint\",\"urlTemplate\":\"https:\/\/tna.dz\/fr\/?s={search_term_string}\"},\"query-input\":\"required name=search_term_string\"}],\"inLanguage\":\"fr-FR\"},{\"@type\":\"Organization\",\"@id\":\"https:\/\/tna.dz\/fr\/#organization\",\"name\":\"Le Th\u00e9\u00e2tre national alg\u00e9rien\",\"url\":\"https:\/\/tna.dz\/fr\/\",\"logo\":{\"@type\":\"ImageObject\",\"inLanguage\":\"fr-FR\",\"@id\":\"https:\/\/tna.dz\/fr\/#\/schema\/logo\/image\/\",\"url\":\"https:\/\/www.tna.dz\/fr\/wp-content\/uploads\/2019\/11\/repertoire-tna-2018-2-1.png\",\"contentUrl\":\"https:\/\/www.tna.dz\/fr\/wp-content\/uploads\/2019\/11\/repertoire-tna-2018-2-1.png\",\"width\":200,\"height\":84,\"caption\":\"Le Th\u00e9\u00e2tre national alg\u00e9rien\"},\"image\":{\"@id\":\"https:\/\/tna.dz\/fr\/#\/schema\/logo\/image\/\"}}]}<\/script>\n<!-- \/ Yoast SEO plugin. -->","yoast_head_json":{"title":"Pi\u00e8ces th\u00e9\u00e2trales - Th\u00e9\u00e2tre national alg\u00e9rien","description":"Le r\u00e9pertoire du Th\u00e9\u00e2tre National Alg\u00e9rien est riche, variant par ses \u0153uvres th\u00e9\u00e2trales et artistiques intemporelles \u00e0 travers des d\u00e9cennies, le visiteur","robots":{"index":"index","follow":"follow","max-snippet":"max-snippet:-1","max-image-preview":"max-image-preview:large","max-video-preview":"max-video-preview:-1"},"canonical":"https:\/\/tna.dz\/fr\/piece-theatrale\/","og_locale":"fr_FR","og_type":"article","og_title":"Pi\u00e8ces th\u00e9\u00e2trales - Th\u00e9\u00e2tre national alg\u00e9rien","og_description":"Le r\u00e9pertoire du Th\u00e9\u00e2tre National Alg\u00e9rien est riche, variant par ses \u0153uvres th\u00e9\u00e2trales et artistiques intemporelles \u00e0 travers des d\u00e9cennies, le visiteur","og_url":"https:\/\/tna.dz\/fr\/piece-theatrale\/","og_site_name":"Th\u00e9\u00e2tre national alg\u00e9rien","article_modified_time":"2020-10-19T09:52:14+00:00","twitter_card":"summary_large_image","schema":{"@context":"https:\/\/schema.org","@graph":[{"@type":"WebPage","@id":"https:\/\/tna.dz\/fr\/piece-theatrale\/","url":"https:\/\/tna.dz\/fr\/piece-theatrale\/","name":"Pi\u00e8ces th\u00e9\u00e2trales - Th\u00e9\u00e2tre national alg\u00e9rien","isPartOf":{"@id":"https:\/\/tna.dz\/fr\/#website"},"datePublished":"2019-03-21T16:24:49+00:00","dateModified":"2020-10-19T09:52:14+00:00","description":"Le r\u00e9pertoire du Th\u00e9\u00e2tre National Alg\u00e9rien est riche, variant par ses \u0153uvres th\u00e9\u00e2trales et artistiques intemporelles \u00e0 travers des d\u00e9cennies, le visiteur","breadcrumb":{"@id":"https:\/\/tna.dz\/fr\/piece-theatrale\/#breadcrumb"},"inLanguage":"fr-FR","potentialAction":[{"@type":"ReadAction","target":["https:\/\/tna.dz\/fr\/piece-theatrale\/"]}]},{"@type":"BreadcrumbList","@id":"https:\/\/tna.dz\/fr\/piece-theatrale\/#breadcrumb","itemListElement":[{"@type":"ListItem","position":1,"name":"Accueil","item":"https:\/\/tna.dz\/fr\/"},{"@type":"ListItem","position":2,"name":"Pi\u00e8ces th\u00e9\u00e2trales"}]},{"@type":"WebSite","@id":"https:\/\/tna.dz\/fr\/#website","url":"https:\/\/tna.dz\/fr\/","name":"Th\u00e9\u00e2tre national alg\u00e9rien","description":"Th\u00e9\u00e2tre national alg\u00e9rien Mahieddine Bachtarzi","publisher":{"@id":"https:\/\/tna.dz\/fr\/#organization"},"potentialAction":[{"@type":"SearchAction","target":{"@type":"EntryPoint","urlTemplate":"https:\/\/tna.dz\/fr\/?s={search_term_string}"},"query-input":"required name=search_term_string"}],"inLanguage":"fr-FR"},{"@type":"Organization","@id":"https:\/\/tna.dz\/fr\/#organization","name":"Le Th\u00e9\u00e2tre national alg\u00e9rien","url":"https:\/\/tna.dz\/fr\/","logo":{"@type":"ImageObject","inLanguage":"fr-FR","@id":"https:\/\/tna.dz\/fr\/#\/schema\/logo\/image\/","url":"https:\/\/www.tna.dz\/fr\/wp-content\/uploads\/2019\/11\/repertoire-tna-2018-2-1.png","contentUrl":"https:\/\/www.tna.dz\/fr\/wp-content\/uploads\/2019\/11\/repertoire-tna-2018-2-1.png","width":200,"height":84,"caption":"Le Th\u00e9\u00e2tre national alg\u00e9rien"},"image":{"@id":"https:\/\/tna.dz\/fr\/#\/schema\/logo\/image\/"}}]}},"_links":{"self":[{"href":"https:\/\/tna.dz\/fr\/wp-json\/wp\/v2\/pages\/747"}],"collection":[{"href":"https:\/\/tna.dz\/fr\/wp-json\/wp\/v2\/pages"}],"about":[{"href":"https:\/\/tna.dz\/fr\/wp-json\/wp\/v2\/types\/page"}],"author":[{"embeddable":true,"href":"https:\/\/tna.dz\/fr\/wp-json\/wp\/v2\/users\/1"}],"replies":[{"embeddable":true,"href":"https:\/\/tna.dz\/fr\/wp-json\/wp\/v2\/comments?post=747"}],"version-history":[{"count":0,"href":"https:\/\/tna.dz\/fr\/wp-json\/wp\/v2\/pages\/747\/revisions"}],"wp:attachment":[{"href":"https:\/\/tna.dz\/fr\/wp-json\/wp\/v2\/media?parent=747"}],"curies":[{"name":"wp","href":"https:\/\/api.w.org\/{rel}","templated":true}]}}