{"id":749,"date":"2019-03-21T16:26:07","date_gmt":"2019-03-21T16:26:07","guid":{"rendered":"http:\/\/tna.dz\/fr\/?page_id=749"},"modified":"2019-12-05T17:17:33","modified_gmt":"2019-12-05T17:17:33","slug":"publications","status":"publish","type":"page","link":"https:\/\/tna.dz\/fr\/publications\/","title":{"rendered":"Publications"},"content":{"rendered":"<p>Le site offre toutes les publications du th\u00e9\u00e2tre national alg\u00e9rien depuis 1962 \u00e0 nos jour en acc\u00e8s libre au format PDF. Le service de l&rsquo;archive supervise la partie historique de cette page.<br \/>\nNous publions en PDF les publications du Th\u00e9\u00e2tre national alg\u00e9rien de 1963 \u00e0 nos jours. La section archives supervise la partie historique de cette page.<\/p>\n<hr \/>\n<ul>\n<li><a href=\"http:\/\/www.tna.dz\/pdf\/publications\/repertoire-tna-63-2018.pdf\" target=\"_blank\" rel=\"noopener\"><strong>R\u00e9pertoire TNA\u00a0 1963-2018<\/strong><\/a><\/li>\n<\/ul>\n<h4><span style=\"color: #008080;\">Bulletin du Festival National de Th\u00e9\u00e2tre Professionnel 2016 :<\/span><\/h4>\n<h4><a href=\"http:\/\/www.tna.dz\/pdf\/fntp-2016\/majala_fntp2016_arb.pdf\" target=\"_blank\" rel=\"noopener\">\u00a0N\u00b011<\/a><\/h4>\n<h4 style=\"color: #008080;\">Bulletin du Festival National du Th\u00e9\u00e2tre Professionnel 2015:<\/h4>\n<h4><a href=\"http:\/\/www.tna.dz\/pdf\/FNTP-2015\/fntp-2015-n122.pdf\"> N\u00b0122<\/a>\u00a0\/\u00a0<a href=\"http:\/\/www.tna.dz\/pdf\/FNTP-2015\/fntp-2015-n123.pdf\"> N\u00b0123<\/a>\u00a0\/\u00a0<a href=\"http:\/\/www.tna.dz\/pdf\/FNTP-2015\/fntp-2015-n124.pdf\"> N\u00b0124<\/a>\u00a0\/\u00a0<a href=\"http:\/\/www.tna.dz\/pdf\/FNTP-2015\/fntp-2015-n125.pdf\"> N\u00b0125<\/a>\u00a0\/\u00a0<a href=\"http:\/\/www.tna.dz\/pdf\/FNTP-2015\/fntp-2015-n126.pdf\">N\u00b0 126<\/a>\u00a0\/\u00a0<a href=\"http:\/\/www.tna.dz\/pdf\/FNTP-2015\/fntp-2015-n127.pdf\" target=\"_blank\" rel=\"noopener\">N\u00b0 127<\/a><\/h4>\n<h4><a href=\"http:\/\/www.tna.dz\/pdf\/FNTP-2015\/fntp-2015-n128.pdf\"> N\u00b0128<\/a>\u00a0\/\u00a0<a href=\"http:\/\/www.tna.dz\/pdf\/FNTP-2015\/fntp-2015-n128sp.pdf\"> N\u00b0128 sp<\/a>\u00a0\/\u00a0<a href=\"http:\/\/www.tna.dz\/pdf\/FNTP-2015\/fntp-2015-n129.pdf\"> N\u00b0129<\/a>\/\u00a0<a href=\"http:\/\/www.tna.dz\/pdf\/FNTP-2015\/fntp-2015-n130.pdf\"> N\u00b0130<\/a>\u00a0\/\u00a0<a href=\"http:\/\/www.tna.dz\/pdf\/FNTP-2015\/fntp-2015-n131.pdf\">N\u00b0 131<\/a>\u00a0\/\u00a0<a href=\"http:\/\/www.tna.dz\/pdf\/FNTP-2015\/fntp-2015-n132.pdf\">N\u00b0 132<\/a><\/h4>\n<h4 style=\"color: #008080;\">Bulletin du Festival National du Th\u00e9\u00e2tre Professionnel \/ 2014:<\/h4>\n<h4><a href=\"http:\/\/www.tna.dz\/pdf\/FNTP-2014\/fntp-2014-n109.pdf\"> N\u00b0109<\/a>\/\u00a0<a href=\"http:\/\/www.tna.dz\/pdf\/FNTP-2014\/fntp-2014-n110.pdf\"> N\u00b0110<\/a>\u00a0\/\u00a0<a href=\"http:\/\/www.tna.dz\/pdf\/FNTP-2014\/fntp-2014-n111.pdf\"> N\u00b0111<\/a>\u00a0\/\u00a0<a href=\"http:\/\/www.tna.dz\/pdf\/FNTP-2014\/fntp-2014-n112.pdf\"> N\u00b0112<\/a>\u00a0\/\u00a0<a href=\"http:\/\/www.tna.dz\/pdf\/FNTP-2014\/fntp-2014-n113pdf\">N\u00b0 113<\/a>\u00a0\/\u00a0<a href=\"http:\/\/www.tna.dz\/pdf\/FNTP-2014\/fntp-2014-n114.pdf\">N\u00b0 114<\/a><\/h4>\n<h4><a href=\"http:\/\/www.tna.dz\/pdf\/FNTP-2014\/fntp-2014-n115.pdf\"> N\u00b0115<\/a>\u00a0\/\u00a0<a href=\"http:\/\/www.tna.dz\/pdf\/FNTP-2014\/fntp-2014-n116.pdf\"> N\u00b0116<\/a>\u00a0\/\u00a0<a href=\"http:\/\/www.tna.dz\/pdf\/FNTP-2014\/fntp-2014-n117.pdf\"> N\u00b0117<\/a>\u00a0\/\u00a0<a href=\"http:\/\/www.tna.dz\/pdf\/FNTP-2014\/fntp-2014-n118.pdf\"> N\u00b0118<\/a>\u00a0\/\u00a0<a href=\"http:\/\/www.tna.dz\/pdf\/FNTP-2014\/fntp-2014-n119.pdf\">N\u00b0 119<\/a>\u00a0\/\u00a0\u00a0<a href=\"http:\/\/www.tna.dz\/pdf\/FNTP-2014\/fntp-2014-n120.pdf\"> N\u00b0120<\/a>\u00a0\/\u00a0<a href=\"http:\/\/www.tna.dz\/pdf\/FNTP-2014\/fntp-2014-n121.pdf\">N\u00b0 121<\/a><\/h4>\n<h4 style=\"color: #008080;\">Bulletin du Festival National du Th\u00e9\u00e2tre Professionnel \/ 2013:<\/h4>\n<h4><a href=\"http:\/\/www.tna.dz\/pdf\/FNTP-2013\/fntp-2013-n98.pdf\"> N\u00b098<\/a>\u00a0\/\u00a0<a href=\"http:\/\/www.tna.dz\/pdf\/FNTP-2013\/fntp-2013-n99.pdf\"> N\u00b099<\/a>\u00a0\/\u00a0<a href=\"http:\/\/www.tna.dz\/pdf\/FNTP-2013\/fntp-2013-n100.pdf\"> N\u00b0100<\/a>\u00a0\/\u00a0<a href=\"http:\/\/www.tna.dz\/pdf\/FNTP-2013\/fntp-2013-n101.pdf\"> N\u00b0101<\/a>\u00a0\/\u00a0<a href=\"http:\/\/www.tna.dz\/pdf\/FNTP-2013\/fntp-2013-n102.pdf\"> N\u00b0102<\/a><\/h4>\n<h4><a href=\"http:\/\/www.tna.dz\/pdf\/FNTP-2013\/fntp-2013-n103.pdf\"> N\u00b0103<\/a>\u00a0\/\u00a0<a href=\"http:\/\/www.tna.dz\/pdf\/FNTP-2013\/fntp-2013-n104.pdf\"> N\u00b0104<\/a>\u00a0\/\u00a0<a href=\"http:\/\/www.tna.dz\/pdf\/FNTP-2013\/fntp-2013-n105.pdf\">N\u00b0 105<\/a>\u00a0\/\u00a0<a href=\"http:\/\/www.tna.dz\/pdf\/FNTP-2013\/fntp-2013-n106.pdf\"> N\u00b0106<\/a>\u00a0\/\u00a0<a href=\"http:\/\/www.tna.dz\/pdf\/FNTP-2013\/fntp-2013-n107.pdf\">N\u00b0 107<\/a>\u00a0\/\u00a0<a href=\"http:\/\/www.tna.dz\/pdf\/FNTP-2013\/fntp-2013-n108.pdf\"> N\u00b0108<\/a><\/h4>\n<h4 style=\"color: #008080;\">Bulletin du Festival National du Th\u00e9\u00e2tre Professionnel \/ 2012:<\/h4>\n<h4><a href=\"http:\/\/www.tna.dz\/pdf\/FNTP-2012\/fntp-2012-n84.pdf\">N\u00b0 84<\/a>\u00a0\/\u00a0\u00a0<a href=\"http:\/\/www.tna.dz\/pdf\/FNTP-2012\/fntp-2012-n85.pdf\"> N\u00b085<\/a>\u00a0\/\u00a0<a href=\"http:\/\/www.tna.dz\/pdf\/FNTP-2012\/fntp-2012-n86.pdf\">N\u00b0 86<\/a>\u00a0\/\u00a0<a href=\"http:\/\/www.tna.dz\/pdf\/FNTP-2012\/fntp-2012-n87.pdf\"> N\u00b087<\/a>\u00a0\/\u00a0<a href=\"http:\/\/www.tna.dz\/pdf\/FNTP-2012\/fntp-2012-n88.pdf\"> N\u00b088<\/a>\u00a0\/\u00a0<a href=\"http:\/\/www.tna.dz\/pdf\/FNTP-2012\/fntp-2012-n89.pdf\"> N\u00b089<\/a>\u00a0\/\u00a0\u00a0<a href=\"http:\/\/www.tna.dz\/pdf\/FNTP-2012\/fntp-2012-n90.pdf\">N\u00b0 90<\/a><\/h4>\n<h4>\u00a0<a href=\"http:\/\/www.tna.dz\/pdf\/FNTP-2012\/fntp-2012-n91.pdf\">N\u00b0 91<\/a>\u00a0\/\u00a0<a href=\"http:\/\/www.tna.dz\/pdf\/FNTP-2012\/fntp-2012-n92.pdf\"> N\u00b092<\/a>\u00a0\/\u00a0<a href=\"http:\/\/www.tna.dz\/pdf\/FNTP-2012\/fntp-2012-n93.pdf\">N\u00b0 93<\/a>\u00a0\/\u00a0<a href=\"http:\/\/www.tna.dz\/pdf\/FNTP-2012\/fntp-2012-n94.pdf\"> N\u00b094<\/a>\u00a0\/\u00a0<a href=\"http:\/\/www.tna.dz\/pdf\/FNTP-2012\/fntp-2012-n95.pdf\">N\u00b0 95<\/a>\u00a0\/\u00a0<a href=\"http:\/\/www.tna.dz\/pdf\/FNTP-2012\/fntp-2012-n96.pdf\"> N\u00b096<\/a>\u00a0\/\u00a0<a href=\"http:\/\/www.tna.dz\/pdf\/FNTP-2012\/fntp-2012-n97.pdf\">N\u00b0 97<\/a><\/h4>\n<h4 style=\"color: #008080;\">Bulletin du Festival National du Th\u00e9\u00e2tre Professionnel \/ 2011:<\/h4>\n<h4><a href=\"http:\/\/www.tna.dz\/wp-content\/uploads\/2018\/09\/fntp-2011-n68.pdf\"> N\u00b068<\/a>\u00a0\/\u00a0<a href=\"http:\/\/www.tna.dz\/wp-content\/uploads\/2018\/09\/fntp-2011-n69.pdf\"> N\u00b069<\/a>\u00a0\/\u00a0<a href=\"http:\/\/www.tna.dz\/wp-content\/uploads\/2018\/09\/fntp-2011-n70.pdf\">\u00a0N\u00b070<\/a>\u00a0\/\u00a0<a href=\"http:\/\/www.tna.dz\/wp-content\/uploads\/2018\/09\/fntp-2011-n71.pdf\"> N\u00b071<\/a>\u00a0\/\u00a0<a href=\"http:\/\/www.tna.dz\/wp-content\/uploads\/2018\/09\/fntp-2011-n72.pdf\">N\u00b0 72<\/a>\u00a0\/\u00a0<a href=\"http:\/\/www.tna.dz\/wp-content\/uploads\/2018\/09\/fntp-2011-n73.pdf\"> N\u00b073<\/a>\u00a0\/\u00a0<a href=\"http:\/\/www.tna.dz\/wp-content\/uploads\/2018\/09\/fntp-2011-n74.pdf\">N\u00b0 74<\/a>\u00a0\/\u00a0<a href=\"http:\/\/www.tna.dz\/wp-content\/uploads\/2018\/09\/fntp-2011-n75.pdf\">N\u00b0 75<\/a><\/h4>\n<h4><a href=\"http:\/\/www.tna.dz\/wp-content\/uploads\/2018\/09\/fntp-2011-n76.pdf\"> N\u00b076<\/a>\u00a0\/\u00a0<a href=\"http:\/\/www.tna.dz\/wp-content\/uploads\/2018\/09\/fntp-2011-n77.pdf\">N\u00b0 77<\/a>\u00a0\/\u00a0<a href=\"http:\/\/www.tna.dz\/wp-content\/uploads\/2018\/09\/fntp-2011-n78.pdf\">\u00a0N\u00b078<\/a>\u00a0\/\u00a0<a href=\"http:\/\/www.tna.dz\/wp-content\/uploads\/2018\/09\/fntp-2011-n79.pdf\">N\u00b0 79<\/a>\u00a0\/\u00a0<a href=\"http:\/\/www.tna.dz\/wp-content\/uploads\/2018\/09\/fntp-2011-n80.pdf\"> N\u00b080<\/a>\u00a0\/\u00a0<a href=\"http:\/\/www.tna.dz\/wp-content\/uploads\/2018\/09\/fntp-2011-n81.pdf\">N\u00b081<\/a>\u00a0\/\u00a0<a href=\"http:\/\/www.tna.dz\/wp-content\/uploads\/2018\/09\/fntp-2011-n82.pdf\">N\u00b0 82<\/a>\u00a0\/\u00a0<a href=\"http:\/\/www.tna.dz\/wp-content\/uploads\/2018\/09\/fntp-2011-n83.pdf\">\u00a0N\u00b083<\/a><\/h4>\n<h4 style=\"color: #008080;\">Bulletin du Festival National du Th\u00e9\u00e2tre Professionnel \/ 2011:<\/h4>\n<h4><a href=\"http:\/\/www.tna.dz\/wp-content\/uploads\/2018\/09\/fntp-2010-n52.pdf\">N\u00b0 52<\/a>\u00a0\/\u00a0<a href=\"http:\/\/www.tna.dz\/wp-content\/uploads\/2018\/09\/fntp-2010-n53.pdf\"> N\u00b053<\/a>\u00a0\/\u00a0<a href=\"http:\/\/www.tna.dz\/wp-content\/uploads\/2018\/09\/fntp-2010-n54.pdf\"> N\u00b054<\/a>\u00a0\/\u00a0<a href=\"http:\/\/www.tna.dz\/wp-content\/uploads\/2018\/09\/fntp-2010-n55.pdf\"> N\u00b055<\/a>\u00a0\/\u00a0<a href=\"http:\/\/www.tna.dz\/wp-content\/uploads\/2018\/09\/fntp-2010-n56.pdf\">N\u00b0 56<\/a>\u00a0\/\u00a0<a href=\"http:\/\/www.tna.dz\/wp-content\/uploads\/2018\/09\/fntp-2010-n57.pdf\"> N\u00b057<\/a>\u00a0\/\u00a0<a href=\"http:\/\/www.tna.dz\/wp-content\/uploads\/2018\/09\/fntp-2010-n58.pdf\"> N\u00b058<\/a>\u00a0\/\u00a0<a href=\"http:\/\/www.tna.dz\/wp-content\/uploads\/2018\/09\/fntp-2010-n59.pdf\">N\u00b0 59<\/a><\/h4>\n<h4><a href=\"http:\/\/www.tna.dz\/wp-content\/uploads\/2018\/09\/fntp-2010-n60.pdf\">N\u00b0 60<\/a>\u00a0\/\u00a0<a href=\"http:\/\/www.tna.dz\/wp-content\/uploads\/2018\/09\/fntp-2010-n61.pdf\">N\u00b0 61<\/a>\u00a0\/\u00a0<a href=\"http:\/\/www.tna.dz\/wp-content\/uploads\/2018\/09\/fntp-2010-n62.pdf\"> N\u00b062<\/a>\u00a0\/\u00a0<a href=\"http:\/\/www.tna.dz\/wp-content\/uploads\/2018\/09\/fntp-2010-n63.pdf\"> N\u00b063<\/a>\u00a0\/\u00a0<a href=\"http:\/\/www.tna.dz\/wp-content\/uploads\/2018\/09\/fntp-2010-n64.pdf\"> N\u00b064<\/a>\u00a0\/\u00a0<a href=\"http:\/\/www.tna.dz\/wp-content\/uploads\/2018\/09\/fntp-2010-n65.pdf\"> N\u00b065<\/a>\u00a0\/\u00a0<a href=\"http:\/\/www.tna.dz\/wp-content\/uploads\/2018\/09\/fntp-2010-n66.pdf\">N\u00b0 66<\/a>\u00a0\/\u00a0<a href=\"http:\/\/www.tna.dz\/wp-content\/uploads\/2018\/09\/fntp-2010-n67.pdf\">N\u00b0 67<\/a><\/h4>\n<h4 style=\"color: #008080;\"><span style=\"color: #808080;\"><a style=\"color: #808080;\" href=\"http:\/\/www.tna.dz\/pdf\/publications\/FNTP-1985-1er-ed.pdf\" target=\"_blank\" rel=\"noopener\">Festival national de th\u00e9\u00e2tre professionnel \/ la premi\u00e8re session<\/a>\u00a01985<\/span><\/h4>\n<h4 style=\"color: #008080;\"><span style=\"color: #808080;\"><a style=\"color: #808080;\" href=\"http:\/\/www.tna.dz\/pdf\/publications\/FNTP-1986-2eme-ed.pdf\" target=\"_blank\" rel=\"noopener\">Festival national de th\u00e9\u00e2tre professionnel \/ 2\u00e8me session<\/a>\u00a01986<\/span><\/h4>\n<hr \/>\n<h4><span style=\"color: #008080;\">Magazine Esitare: <span style=\"color: #808080;\">Num\u00e9ro d&rsquo;ann\u00e9es 1986<\/span><\/span><\/h4>\n<h4><a href=\"http:\/\/www.tna.dz\/pdf\/publications\/1986_esitar\/2_esitar.pdf\" target=\"_blank\" rel=\"noopener\">Esitare-2<\/a>\u00a0|\u00a0<a href=\"http:\/\/www.tna.dz\/pdf\/publications\/1986_esitar\/3_esitar.pdf\" target=\"_blank\" rel=\"noopener\">Esitare-3<\/a>\u00a0\/\u00a0<a href=\"http:\/\/www.tna.dz\/pdf\/publications\/1986_esitar\/4_esitar.pdf\" target=\"_blank\" rel=\"noopener\">Esitare-4<\/a>\u00a0\/\u00a0<a href=\"http:\/\/www.tna.dz\/pdf\/publications\/1986_esitar\/5_esitar.pdf\" target=\"_blank\" rel=\"noopener\">Esitare-5<\/a>\u00a0\/\u00a0<a href=\"http:\/\/www.tna.dz\/pdf\/publications\/1986_esitar\/6_esitar.pdf\" target=\"_blank\" rel=\"noopener\">Esitare-6<\/a>\u00a0\/\u00a0<a href=\"http:\/\/www.tna.dz\/pdf\/publications\/1986_esitar\/7_esitar.pdf\" target=\"_blank\" rel=\"noopener\">Esitare-7<\/a><\/h4>\n<h4><a href=\"http:\/\/www.tna.dz\/pdf\/publications\/1986_esitar\/8_esitar.pdf\" target=\"_blank\" rel=\"noopener\">Esitare-8<\/a>\u00a0\/\u00a0<a href=\"http:\/\/www.tna.dz\/pdf\/publications\/1986_esitar\/9_esitar.pdf\" target=\"_blank\" rel=\"noopener\">Esitare-9<\/a>\u00a0\/\u00a0<a href=\"http:\/\/www.tna.dz\/pdf\/publications\/1986_esitar\/10_esitar.pdf\" target=\"_blank\" rel=\"noopener\">Esitare-10<\/a>\u00a0\/\u00a0<a href=\"http:\/\/www.tna.dz\/pdf\/publications\/1986_esitar\/11_esitar.pdf\" target=\"_blank\" rel=\"noopener\">Esitare-11<\/a><\/h4>\n<h4><span style=\"color: #008080;\">Magazine Esitare: <span style=\"color: #808080;\">Num\u00e9ro d&rsquo;ann\u00e9es 1985<\/span><\/span><\/h4>\n<h4><a href=\"http:\/\/www.tna.dz\/pdf\/publications\/1985_esitar\/1_esitar.pdf\" target=\"_blank\" rel=\"noopener\">Esitare-1<\/a>\u00a0|\u00a0<a href=\"http:\/\/www.tna.dz\/pdf\/publications\/1985_esitar\/3_esitar.pdf\" target=\"_blank\" rel=\"noopener\">Esitare-3<\/a>\u00a0\/\u00a0<a href=\"http:\/\/www.tna.dz\/pdf\/publications\/1985_esitar\/4_esitar.pdf\" target=\"_blank\" rel=\"noopener\">Esitare-4<\/a>\u00a0\/\u00a0<a href=\"http:\/\/www.tna.dz\/pdf\/publications\/1985_esitar\/5_esitar.pdf\" target=\"_blank\" rel=\"noopener\">Esitare-5<\/a>\u00a0\/\u00a0<a href=\"http:\/\/www.tna.dz\/pdf\/publications\/1985_esitar\/6_esitar.pdf\" target=\"_blank\" rel=\"noopener\">Esitare-7<\/a><\/h4>\n<h4>\u00a0<a href=\"http:\/\/www.tna.dz\/pdf\/publications\/1985_esitar\/7_esitar.pdf\" target=\"_blank\" rel=\"noopener\">Esitare-10<\/a>\/\u00a0<a href=\"http:\/\/www.tna.dz\/pdf\/publications\/1985_esitar\/10_esitar.pdf\" target=\"_blank\" rel=\"noopener\">Esitare-11<\/a>\u00a0\/\u00a0<a href=\"http:\/\/www.tna.dz\/pdf\/publications\/1985_esitar\/11_esitar.pdf\" target=\"_blank\" rel=\"noopener\">Esitare-12<\/a><\/h4>\n<h4><span style=\"color: #008080;\">Magazine Elhalka\u00a0:<\/span>\u00a0<a href=\"http:\/\/www.tna.dz\/pdf\/publications\/elhalka_num4-93.pdf\" target=\"_blank\" rel=\"noopener\">Num\u00e9ro<\/a><a href=\"http:\/\/www.tna.dz\/pdf\/publications\/elhalka_num4-93.pdf\" target=\"_blank\" rel=\"noopener\">\u00a04 \/ 1993\u00a0<\/a><\/h4>\n<h4><span style=\"color: #008080;\">Le r\u00e9pertoire du th\u00e9\u00e2tre national d&rsquo;Alg\u00e9rie <\/span>\u00a0<a href=\"http:\/\/www.tna.dz\/pdf\/publications\/repertoire-tna-63-2018.pdf\" target=\"_blank\" rel=\"noopener\">1963\u00a0&#8211; 2018<\/a><\/h4>\n","protected":false},"excerpt":{"rendered":"<p>Le site offre toutes les publications du th\u00e9\u00e2tre national alg\u00e9rien depuis 1962 \u00e0 nos jour en acc\u00e8s libre au format PDF. Le service de l&rsquo;archive supervise la partie historique de cette page. Nous publions en PDF les publications du Th\u00e9\u00e2tre national alg\u00e9rien de 1963 \u00e0 nos jours. La section archives supervise la partie historique de &hellip;<\/p>\n","protected":false},"author":1,"featured_media":0,"parent":0,"menu_order":0,"comment_status":"closed","ping_status":"closed","template":"","meta":{"footnotes":""},"yoast_head":"<!-- This site is optimized with the Yoast SEO plugin v21.2 - https:\/\/yoast.com\/wordpress\/plugins\/seo\/ -->\n<title>Publications - Th\u00e9\u00e2tre national alg\u00e9rien<\/title>\n<meta name=\"description\" content=\"Le site offre toutes les publications du th\u00e9\u00e2tre national alg\u00e9rien depuis 1962 \u00e0 nos jour en acc\u00e8s libre au format PDF. Le service de l&#039;archive supervise\" \/>\n<meta name=\"robots\" content=\"index, follow, max-snippet:-1, max-image-preview:large, max-video-preview:-1\" \/>\n<link rel=\"canonical\" href=\"https:\/\/tna.dz\/fr\/publications\/\" \/>\n<meta property=\"og:locale\" content=\"fr_FR\" \/>\n<meta property=\"og:type\" content=\"article\" \/>\n<meta property=\"og:title\" content=\"Publications - Th\u00e9\u00e2tre national alg\u00e9rien\" \/>\n<meta property=\"og:description\" content=\"Le site offre toutes les publications du th\u00e9\u00e2tre national alg\u00e9rien depuis 1962 \u00e0 nos jour en acc\u00e8s libre au format PDF. Le service de l&#039;archive supervise\" \/>\n<meta property=\"og:url\" content=\"https:\/\/tna.dz\/fr\/publications\/\" \/>\n<meta property=\"og:site_name\" content=\"Th\u00e9\u00e2tre national alg\u00e9rien\" \/>\n<meta property=\"article:modified_time\" content=\"2019-12-05T17:17:33+00:00\" \/>\n<meta name=\"twitter:card\" content=\"summary_large_image\" \/>\n<meta name=\"twitter:label1\" content=\"Dur\u00e9e de lecture estim\u00e9e\" \/>\n\t<meta name=\"twitter:data1\" content=\"1 minute\" \/>\n<script type=\"application\/ld+json\" class=\"yoast-schema-graph\">{\"@context\":\"https:\/\/schema.org\",\"@graph\":[{\"@type\":\"WebPage\",\"@id\":\"https:\/\/tna.dz\/fr\/publications\/\",\"url\":\"https:\/\/tna.dz\/fr\/publications\/\",\"name\":\"Publications - Th\u00e9\u00e2tre national alg\u00e9rien\",\"isPartOf\":{\"@id\":\"https:\/\/tna.dz\/fr\/#website\"},\"datePublished\":\"2019-03-21T16:26:07+00:00\",\"dateModified\":\"2019-12-05T17:17:33+00:00\",\"description\":\"Le site offre toutes les publications du th\u00e9\u00e2tre national alg\u00e9rien depuis 1962 \u00e0 nos jour en acc\u00e8s libre au format PDF. Le service de l'archive supervise\",\"breadcrumb\":{\"@id\":\"https:\/\/tna.dz\/fr\/publications\/#breadcrumb\"},\"inLanguage\":\"fr-FR\",\"potentialAction\":[{\"@type\":\"ReadAction\",\"target\":[\"https:\/\/tna.dz\/fr\/publications\/\"]}]},{\"@type\":\"BreadcrumbList\",\"@id\":\"https:\/\/tna.dz\/fr\/publications\/#breadcrumb\",\"itemListElement\":[{\"@type\":\"ListItem\",\"position\":1,\"name\":\"Accueil\",\"item\":\"https:\/\/tna.dz\/fr\/\"},{\"@type\":\"ListItem\",\"position\":2,\"name\":\"Publications\"}]},{\"@type\":\"WebSite\",\"@id\":\"https:\/\/tna.dz\/fr\/#website\",\"url\":\"https:\/\/tna.dz\/fr\/\",\"name\":\"Th\u00e9\u00e2tre national alg\u00e9rien\",\"description\":\"Th\u00e9\u00e2tre national alg\u00e9rien Mahieddine Bachtarzi\",\"publisher\":{\"@id\":\"https:\/\/tna.dz\/fr\/#organization\"},\"potentialAction\":[{\"@type\":\"SearchAction\",\"target\":{\"@type\":\"EntryPoint\",\"urlTemplate\":\"https:\/\/tna.dz\/fr\/?s={search_term_string}\"},\"query-input\":\"required name=search_term_string\"}],\"inLanguage\":\"fr-FR\"},{\"@type\":\"Organization\",\"@id\":\"https:\/\/tna.dz\/fr\/#organization\",\"name\":\"Le Th\u00e9\u00e2tre national alg\u00e9rien\",\"url\":\"https:\/\/tna.dz\/fr\/\",\"logo\":{\"@type\":\"ImageObject\",\"inLanguage\":\"fr-FR\",\"@id\":\"https:\/\/tna.dz\/fr\/#\/schema\/logo\/image\/\",\"url\":\"https:\/\/www.tna.dz\/fr\/wp-content\/uploads\/2019\/11\/repertoire-tna-2018-2-1.png\",\"contentUrl\":\"https:\/\/www.tna.dz\/fr\/wp-content\/uploads\/2019\/11\/repertoire-tna-2018-2-1.png\",\"width\":200,\"height\":84,\"caption\":\"Le Th\u00e9\u00e2tre national alg\u00e9rien\"},\"image\":{\"@id\":\"https:\/\/tna.dz\/fr\/#\/schema\/logo\/image\/\"}}]}<\/script>\n<!-- \/ Yoast SEO plugin. -->","yoast_head_json":{"title":"Publications - Th\u00e9\u00e2tre national alg\u00e9rien","description":"Le site offre toutes les publications du th\u00e9\u00e2tre national alg\u00e9rien depuis 1962 \u00e0 nos jour en acc\u00e8s libre au format PDF. Le service de l'archive supervise","robots":{"index":"index","follow":"follow","max-snippet":"max-snippet:-1","max-image-preview":"max-image-preview:large","max-video-preview":"max-video-preview:-1"},"canonical":"https:\/\/tna.dz\/fr\/publications\/","og_locale":"fr_FR","og_type":"article","og_title":"Publications - Th\u00e9\u00e2tre national alg\u00e9rien","og_description":"Le site offre toutes les publications du th\u00e9\u00e2tre national alg\u00e9rien depuis 1962 \u00e0 nos jour en acc\u00e8s libre au format PDF. Le service de l'archive supervise","og_url":"https:\/\/tna.dz\/fr\/publications\/","og_site_name":"Th\u00e9\u00e2tre national alg\u00e9rien","article_modified_time":"2019-12-05T17:17:33+00:00","twitter_card":"summary_large_image","twitter_misc":{"Dur\u00e9e de lecture estim\u00e9e":"1 minute"},"schema":{"@context":"https:\/\/schema.org","@graph":[{"@type":"WebPage","@id":"https:\/\/tna.dz\/fr\/publications\/","url":"https:\/\/tna.dz\/fr\/publications\/","name":"Publications - Th\u00e9\u00e2tre national alg\u00e9rien","isPartOf":{"@id":"https:\/\/tna.dz\/fr\/#website"},"datePublished":"2019-03-21T16:26:07+00:00","dateModified":"2019-12-05T17:17:33+00:00","description":"Le site offre toutes les publications du th\u00e9\u00e2tre national alg\u00e9rien depuis 1962 \u00e0 nos jour en acc\u00e8s libre au format PDF. Le service de l'archive supervise","breadcrumb":{"@id":"https:\/\/tna.dz\/fr\/publications\/#breadcrumb"},"inLanguage":"fr-FR","potentialAction":[{"@type":"ReadAction","target":["https:\/\/tna.dz\/fr\/publications\/"]}]},{"@type":"BreadcrumbList","@id":"https:\/\/tna.dz\/fr\/publications\/#breadcrumb","itemListElement":[{"@type":"ListItem","position":1,"name":"Accueil","item":"https:\/\/tna.dz\/fr\/"},{"@type":"ListItem","position":2,"name":"Publications"}]},{"@type":"WebSite","@id":"https:\/\/tna.dz\/fr\/#website","url":"https:\/\/tna.dz\/fr\/","name":"Th\u00e9\u00e2tre national alg\u00e9rien","description":"Th\u00e9\u00e2tre national alg\u00e9rien Mahieddine Bachtarzi","publisher":{"@id":"https:\/\/tna.dz\/fr\/#organization"},"potentialAction":[{"@type":"SearchAction","target":{"@type":"EntryPoint","urlTemplate":"https:\/\/tna.dz\/fr\/?s={search_term_string}"},"query-input":"required name=search_term_string"}],"inLanguage":"fr-FR"},{"@type":"Organization","@id":"https:\/\/tna.dz\/fr\/#organization","name":"Le Th\u00e9\u00e2tre national alg\u00e9rien","url":"https:\/\/tna.dz\/fr\/","logo":{"@type":"ImageObject","inLanguage":"fr-FR","@id":"https:\/\/tna.dz\/fr\/#\/schema\/logo\/image\/","url":"https:\/\/www.tna.dz\/fr\/wp-content\/uploads\/2019\/11\/repertoire-tna-2018-2-1.png","contentUrl":"https:\/\/www.tna.dz\/fr\/wp-content\/uploads\/2019\/11\/repertoire-tna-2018-2-1.png","width":200,"height":84,"caption":"Le Th\u00e9\u00e2tre national alg\u00e9rien"},"image":{"@id":"https:\/\/tna.dz\/fr\/#\/schema\/logo\/image\/"}}]}},"_links":{"self":[{"href":"https:\/\/tna.dz\/fr\/wp-json\/wp\/v2\/pages\/749"}],"collection":[{"href":"https:\/\/tna.dz\/fr\/wp-json\/wp\/v2\/pages"}],"about":[{"href":"https:\/\/tna.dz\/fr\/wp-json\/wp\/v2\/types\/page"}],"author":[{"embeddable":true,"href":"https:\/\/tna.dz\/fr\/wp-json\/wp\/v2\/users\/1"}],"replies":[{"embeddable":true,"href":"https:\/\/tna.dz\/fr\/wp-json\/wp\/v2\/comments?post=749"}],"version-history":[{"count":0,"href":"https:\/\/tna.dz\/fr\/wp-json\/wp\/v2\/pages\/749\/revisions"}],"wp:attachment":[{"href":"https:\/\/tna.dz\/fr\/wp-json\/wp\/v2\/media?parent=749"}],"curies":[{"name":"wp","href":"https:\/\/api.w.org\/{rel}","templated":true}]}}