{"id":757,"date":"2019-03-21T16:37:32","date_gmt":"2019-03-21T16:37:32","guid":{"rendered":"http:\/\/tna.dz\/fr\/?page_id=757"},"modified":"2019-08-06T14:19:10","modified_gmt":"2019-08-06T14:19:10","slug":"theatres-regionaux","status":"publish","type":"page","link":"https:\/\/tna.dz\/fr\/theatres-regionaux\/","title":{"rendered":"Th\u00e9\u00e2tres r\u00e9gionaux"},"content":{"rendered":"<p>L\u2019Alg\u00e9rie dispose de 17 th\u00e9\u00e2tres r\u00e9gionaux en attendant l\u2019ouverture de trois autres th\u00e9\u00e2tres respectivement Jijel, Na\u00e2ma et Laghouat pour devenir 20 th\u00e9\u00e2tres au niveau national vu qu&rsquo;il y est une insistance pour \u00e9largir le champ th\u00e9\u00e2tral dans le pays. En vertu de la d\u00e9cision de d\u00e9centralisation de 1972, quatre th\u00e9\u00e2tres r\u00e9gionaux ont \u00e9t\u00e9 inaugur\u00e9s \u00e0 Constantine, Annaba, Oran, Sidi Belabes qui a \u00e9t\u00e9 \u00e9tabli en vertu de l\u2019ordonnance n\u00b070-39 du 8 Rabie II en 1390 correspondant au 12 juin 1970 et contenant la loi fondamentale g\u00e9n\u00e9rale n\u00b073-73 du 13 Rabie Al Awal 1393 correspondant au 16 avril 1973, qui pr\u00e9voit la cr\u00e9ation des th\u00e9\u00e2tres r\u00e9gionaux. Au milieu des ann\u00e9es 1980, les th\u00e9\u00e2tres de Bejaia et de Batna ont \u00e9t\u00e9 cr\u00e9es dans le cadre de l&rsquo;expansion des th\u00e9\u00e2tres d\u00e9centralis\u00e9s d\u2019Alg\u00e9rie avant la p\u00e9riode 2005-2013, la cr\u00e9ation des th\u00e9\u00e2tres de Tizi Ouzou, Skikda, Guelma, Mascara, Souk Ahras, El Eulma,Oum En Bouaghi, Sa\u00efda, Mostaganem, Djelfa et Biskra.<\/p>\n<hr \/>\n<p>&nbsp;<\/p>\n<p>&nbsp;<\/p>\n","protected":false},"excerpt":{"rendered":"<p>L\u2019Alg\u00e9rie dispose de 17 th\u00e9\u00e2tres r\u00e9gionaux en attendant l\u2019ouverture de trois autres th\u00e9\u00e2tres respectivement Jijel, Na\u00e2ma et Laghouat pour devenir 20 th\u00e9\u00e2tres au niveau national vu qu&rsquo;il y est une insistance pour \u00e9largir le champ th\u00e9\u00e2tral dans le pays. En vertu de la d\u00e9cision de d\u00e9centralisation de 1972, quatre th\u00e9\u00e2tres r\u00e9gionaux ont \u00e9t\u00e9 inaugur\u00e9s \u00e0 &hellip;<\/p>\n","protected":false},"author":1,"featured_media":0,"parent":0,"menu_order":0,"comment_status":"closed","ping_status":"closed","template":"template-blog.php","meta":{"footnotes":""},"yoast_head":"<!-- This site is optimized with the Yoast SEO plugin v21.2 - https:\/\/yoast.com\/wordpress\/plugins\/seo\/ -->\n<title>Th\u00e9\u00e2tres r\u00e9gionaux - Th\u00e9\u00e2tre national alg\u00e9rien<\/title>\n<meta name=\"description\" content=\"L\u2019Alg\u00e9rie dispose de 17 th\u00e9\u00e2tres r\u00e9gionaux en attendant l\u2019ouverture de trois autres th\u00e9\u00e2tres respectivement Jijel, Na\u00e2ma et Laghouat pour devenir 20\" \/>\n<meta name=\"robots\" content=\"index, follow, max-snippet:-1, max-image-preview:large, max-video-preview:-1\" \/>\n<link rel=\"canonical\" href=\"https:\/\/tna.dz\/fr\/theatres-regionaux\/\" \/>\n<meta property=\"og:locale\" content=\"fr_FR\" \/>\n<meta property=\"og:type\" content=\"article\" \/>\n<meta property=\"og:title\" content=\"Th\u00e9\u00e2tres r\u00e9gionaux - Th\u00e9\u00e2tre national alg\u00e9rien\" \/>\n<meta property=\"og:description\" content=\"L\u2019Alg\u00e9rie dispose de 17 th\u00e9\u00e2tres r\u00e9gionaux en attendant l\u2019ouverture de trois autres th\u00e9\u00e2tres respectivement Jijel, Na\u00e2ma et Laghouat pour devenir 20\" \/>\n<meta property=\"og:url\" content=\"https:\/\/tna.dz\/fr\/theatres-regionaux\/\" \/>\n<meta property=\"og:site_name\" content=\"Th\u00e9\u00e2tre national alg\u00e9rien\" \/>\n<meta property=\"article:modified_time\" content=\"2019-08-06T14:19:10+00:00\" \/>\n<meta name=\"twitter:card\" content=\"summary_large_image\" \/>\n<meta name=\"twitter:label1\" content=\"Dur\u00e9e de lecture estim\u00e9e\" \/>\n\t<meta name=\"twitter:data1\" content=\"1 minute\" \/>\n<script type=\"application\/ld+json\" class=\"yoast-schema-graph\">{\"@context\":\"https:\/\/schema.org\",\"@graph\":[{\"@type\":\"WebPage\",\"@id\":\"https:\/\/tna.dz\/fr\/theatres-regionaux\/\",\"url\":\"https:\/\/tna.dz\/fr\/theatres-regionaux\/\",\"name\":\"Th\u00e9\u00e2tres r\u00e9gionaux - Th\u00e9\u00e2tre national alg\u00e9rien\",\"isPartOf\":{\"@id\":\"https:\/\/tna.dz\/fr\/#website\"},\"datePublished\":\"2019-03-21T16:37:32+00:00\",\"dateModified\":\"2019-08-06T14:19:10+00:00\",\"description\":\"L\u2019Alg\u00e9rie dispose de 17 th\u00e9\u00e2tres r\u00e9gionaux en attendant l\u2019ouverture de trois autres th\u00e9\u00e2tres respectivement Jijel, Na\u00e2ma et Laghouat pour devenir 20\",\"breadcrumb\":{\"@id\":\"https:\/\/tna.dz\/fr\/theatres-regionaux\/#breadcrumb\"},\"inLanguage\":\"fr-FR\",\"potentialAction\":[{\"@type\":\"ReadAction\",\"target\":[\"https:\/\/tna.dz\/fr\/theatres-regionaux\/\"]}]},{\"@type\":\"BreadcrumbList\",\"@id\":\"https:\/\/tna.dz\/fr\/theatres-regionaux\/#breadcrumb\",\"itemListElement\":[{\"@type\":\"ListItem\",\"position\":1,\"name\":\"Accueil\",\"item\":\"https:\/\/tna.dz\/fr\/\"},{\"@type\":\"ListItem\",\"position\":2,\"name\":\"Th\u00e9\u00e2tres r\u00e9gionaux\"}]},{\"@type\":\"WebSite\",\"@id\":\"https:\/\/tna.dz\/fr\/#website\",\"url\":\"https:\/\/tna.dz\/fr\/\",\"name\":\"Th\u00e9\u00e2tre national alg\u00e9rien\",\"description\":\"Th\u00e9\u00e2tre national alg\u00e9rien Mahieddine Bachtarzi\",\"publisher\":{\"@id\":\"https:\/\/tna.dz\/fr\/#organization\"},\"potentialAction\":[{\"@type\":\"SearchAction\",\"target\":{\"@type\":\"EntryPoint\",\"urlTemplate\":\"https:\/\/tna.dz\/fr\/?s={search_term_string}\"},\"query-input\":\"required name=search_term_string\"}],\"inLanguage\":\"fr-FR\"},{\"@type\":\"Organization\",\"@id\":\"https:\/\/tna.dz\/fr\/#organization\",\"name\":\"Le Th\u00e9\u00e2tre national alg\u00e9rien\",\"url\":\"https:\/\/tna.dz\/fr\/\",\"logo\":{\"@type\":\"ImageObject\",\"inLanguage\":\"fr-FR\",\"@id\":\"https:\/\/tna.dz\/fr\/#\/schema\/logo\/image\/\",\"url\":\"https:\/\/www.tna.dz\/fr\/wp-content\/uploads\/2019\/11\/repertoire-tna-2018-2-1.png\",\"contentUrl\":\"https:\/\/www.tna.dz\/fr\/wp-content\/uploads\/2019\/11\/repertoire-tna-2018-2-1.png\",\"width\":200,\"height\":84,\"caption\":\"Le Th\u00e9\u00e2tre national alg\u00e9rien\"},\"image\":{\"@id\":\"https:\/\/tna.dz\/fr\/#\/schema\/logo\/image\/\"}}]}<\/script>\n<!-- \/ Yoast SEO plugin. -->","yoast_head_json":{"title":"Th\u00e9\u00e2tres r\u00e9gionaux - Th\u00e9\u00e2tre national alg\u00e9rien","description":"L\u2019Alg\u00e9rie dispose de 17 th\u00e9\u00e2tres r\u00e9gionaux en attendant l\u2019ouverture de trois autres th\u00e9\u00e2tres respectivement Jijel, Na\u00e2ma et Laghouat pour devenir 20","robots":{"index":"index","follow":"follow","max-snippet":"max-snippet:-1","max-image-preview":"max-image-preview:large","max-video-preview":"max-video-preview:-1"},"canonical":"https:\/\/tna.dz\/fr\/theatres-regionaux\/","og_locale":"fr_FR","og_type":"article","og_title":"Th\u00e9\u00e2tres r\u00e9gionaux - Th\u00e9\u00e2tre national alg\u00e9rien","og_description":"L\u2019Alg\u00e9rie dispose de 17 th\u00e9\u00e2tres r\u00e9gionaux en attendant l\u2019ouverture de trois autres th\u00e9\u00e2tres respectivement Jijel, Na\u00e2ma et Laghouat pour devenir 20","og_url":"https:\/\/tna.dz\/fr\/theatres-regionaux\/","og_site_name":"Th\u00e9\u00e2tre national alg\u00e9rien","article_modified_time":"2019-08-06T14:19:10+00:00","twitter_card":"summary_large_image","twitter_misc":{"Dur\u00e9e de lecture estim\u00e9e":"1 minute"},"schema":{"@context":"https:\/\/schema.org","@graph":[{"@type":"WebPage","@id":"https:\/\/tna.dz\/fr\/theatres-regionaux\/","url":"https:\/\/tna.dz\/fr\/theatres-regionaux\/","name":"Th\u00e9\u00e2tres r\u00e9gionaux - Th\u00e9\u00e2tre national alg\u00e9rien","isPartOf":{"@id":"https:\/\/tna.dz\/fr\/#website"},"datePublished":"2019-03-21T16:37:32+00:00","dateModified":"2019-08-06T14:19:10+00:00","description":"L\u2019Alg\u00e9rie dispose de 17 th\u00e9\u00e2tres r\u00e9gionaux en attendant l\u2019ouverture de trois autres th\u00e9\u00e2tres respectivement Jijel, Na\u00e2ma et Laghouat pour devenir 20","breadcrumb":{"@id":"https:\/\/tna.dz\/fr\/theatres-regionaux\/#breadcrumb"},"inLanguage":"fr-FR","potentialAction":[{"@type":"ReadAction","target":["https:\/\/tna.dz\/fr\/theatres-regionaux\/"]}]},{"@type":"BreadcrumbList","@id":"https:\/\/tna.dz\/fr\/theatres-regionaux\/#breadcrumb","itemListElement":[{"@type":"ListItem","position":1,"name":"Accueil","item":"https:\/\/tna.dz\/fr\/"},{"@type":"ListItem","position":2,"name":"Th\u00e9\u00e2tres r\u00e9gionaux"}]},{"@type":"WebSite","@id":"https:\/\/tna.dz\/fr\/#website","url":"https:\/\/tna.dz\/fr\/","name":"Th\u00e9\u00e2tre national alg\u00e9rien","description":"Th\u00e9\u00e2tre national alg\u00e9rien Mahieddine Bachtarzi","publisher":{"@id":"https:\/\/tna.dz\/fr\/#organization"},"potentialAction":[{"@type":"SearchAction","target":{"@type":"EntryPoint","urlTemplate":"https:\/\/tna.dz\/fr\/?s={search_term_string}"},"query-input":"required name=search_term_string"}],"inLanguage":"fr-FR"},{"@type":"Organization","@id":"https:\/\/tna.dz\/fr\/#organization","name":"Le Th\u00e9\u00e2tre national alg\u00e9rien","url":"https:\/\/tna.dz\/fr\/","logo":{"@type":"ImageObject","inLanguage":"fr-FR","@id":"https:\/\/tna.dz\/fr\/#\/schema\/logo\/image\/","url":"https:\/\/www.tna.dz\/fr\/wp-content\/uploads\/2019\/11\/repertoire-tna-2018-2-1.png","contentUrl":"https:\/\/www.tna.dz\/fr\/wp-content\/uploads\/2019\/11\/repertoire-tna-2018-2-1.png","width":200,"height":84,"caption":"Le Th\u00e9\u00e2tre national alg\u00e9rien"},"image":{"@id":"https:\/\/tna.dz\/fr\/#\/schema\/logo\/image\/"}}]}},"_links":{"self":[{"href":"https:\/\/tna.dz\/fr\/wp-json\/wp\/v2\/pages\/757"}],"collection":[{"href":"https:\/\/tna.dz\/fr\/wp-json\/wp\/v2\/pages"}],"about":[{"href":"https:\/\/tna.dz\/fr\/wp-json\/wp\/v2\/types\/page"}],"author":[{"embeddable":true,"href":"https:\/\/tna.dz\/fr\/wp-json\/wp\/v2\/users\/1"}],"replies":[{"embeddable":true,"href":"https:\/\/tna.dz\/fr\/wp-json\/wp\/v2\/comments?post=757"}],"version-history":[{"count":0,"href":"https:\/\/tna.dz\/fr\/wp-json\/wp\/v2\/pages\/757\/revisions"}],"wp:attachment":[{"href":"https:\/\/tna.dz\/fr\/wp-json\/wp\/v2\/media?parent=757"}],"curies":[{"name":"wp","href":"https:\/\/api.w.org\/{rel}","templated":true}]}}