{"id":759,"date":"2019-03-21T16:38:26","date_gmt":"2019-03-21T16:38:26","guid":{"rendered":"http:\/\/tna.dz\/fr\/?page_id=759"},"modified":"2019-12-08T14:23:25","modified_gmt":"2019-12-08T14:23:25","slug":"espace-enfant","status":"publish","type":"page","link":"https:\/\/tna.dz\/fr\/espace-enfant\/","title":{"rendered":"Espace enfant"},"content":{"rendered":"<h2><span style=\"color: #008080;\"><strong>Le th\u00e9\u00e2tre pour enfants\u2026avec les enfants et aux enfants<\/strong><\/span><\/h2>\n<p><strong>Par Mohamed Islam Abbas<\/strong><\/p>\n<p>J\u2019ai travaill\u00e9 comme acteur, r\u00e9alisateur et mod\u00e9rateur dans le domaine du th\u00e9\u00e2tre pour enfants pendant plus de vingt ann\u00e9es avec l\u2019association \u00ab\u00a0Echbal A\u00efn-Benian\u00a0\u00bb et suivi des pi\u00e8ces pr\u00e9sent\u00e9es aux enfants et \u00e0 l\u2019issue de cette exp\u00e9rience je suis arriv\u00e9 \u00e0 la conclusion qu\u2019il ne peut y avoir de th\u00e9\u00e2tre pour enfants sans beaucoup de sinc\u00e9rit\u00e9 et un peu d\u2019inspiration.<\/p>\n<p>D\u2019abord, je me suis pos\u00e9 la question \u00ab\u00a0Quel th\u00e9\u00e2tre pour enfants\u00a0?\u00a0\u00bb\u00a0et en tant\u00a0 qu\u2019ancien professeur au sein de l\u2019Institut national sup\u00e9rieur des arts et m\u00e9tiers du spectacle (ISMAS), je dirai que c\u2019est cet espace qui r\u00e9jouit l\u2019enfant et enrichit ses connaissances, c\u2019est un art dramatique th\u00e9\u00e2tral destin\u00e9 aux enfants porteur \u00a0de valeurs \u00e9ducatives, morales et psychologiques\u00a0avec des moyens pleins de vie \u00e0 travers des personnages expressifs sur les planches du th\u00e9\u00e2tre. Ce qui en fait un moyen \u00e9ducatif pour l\u2019enfant et la construction de sa personnalit\u00e9.<\/p>\n<p>En Alg\u00e9rie, le th\u00e9\u00e2tre pour enfants attire d\u2019ann\u00e9e en ann\u00e9e un plus grand\u00a0 public\u00a0 d\u2019enfants, ce qui prouve qu\u2019il existe une symbiose entre eux et le th\u00e9\u00e2tre. Nous avons besoin de moderniser le discours th\u00e9\u00e2tral pour enfants, tout en lui gardant son authenticit\u00e9 et le promouvoir vers un mod\u00e8le exemplaire.<\/p>\n<p>Constantin Stanislavski, le metteur en sc\u00e8ne et professeur d\u2019art dramatique russe de renomm\u00e9e mondiale, disait qu\u2019il est n\u00e9cessaire de jouer pour les enfants comme il est n\u00e9cessaire de jouer pour les adultes mais que la performance pour enfants doit \u00eatre meilleure.<\/p>\n<p><a href=\"http:\/\/tna.dz\/fr\/wp-content\/uploads\/2019\/08\/enfants-tna-02.jpg\"><img decoding=\"async\" loading=\"lazy\" class=\"aligncenter wp-image-1680 size-full\" src=\"http:\/\/tna.dz\/fr\/wp-content\/uploads\/2019\/08\/enfants-tna-02.jpg\" alt=\"\" width=\"800\" height=\"523\" srcset=\"https:\/\/tna.dz\/fr\/wp-content\/uploads\/2019\/08\/enfants-tna-02.jpg 800w, https:\/\/tna.dz\/fr\/wp-content\/uploads\/2019\/08\/enfants-tna-02-300x196.jpg 300w, https:\/\/tna.dz\/fr\/wp-content\/uploads\/2019\/08\/enfants-tna-02-768x502.jpg 768w\" sizes=\"(max-width: 800px) 100vw, 800px\" \/><\/a><\/p>\n<p>Aujourd\u2019hui, le th\u00e9\u00e2tre pour enfants est consid\u00e9r\u00e9 comme la base fondamentale pour le th\u00e9\u00e2tre pour adultes et la formation psychologique de l\u2019adulte (l\u2019enfant d\u2019aujourd\u2019hui est l\u2019adulte de demain). De ce fait le th\u00e9\u00e2tre pour enfants s\u2019impose avec force en Alg\u00e9rie du moment, contribuant ainsi \u00e0 la production th\u00e9\u00e2trale destin\u00e9e cette cat\u00e9gorie de public.<\/p>\n<p>A cet effet, Il faut souligner la n\u00e9cessit\u00e9 de pr\u00e9senter des pi\u00e8ces th\u00e9\u00e2trales destin\u00e9es aux enfants jou\u00e9es selon leur vision et d\u2019encourager les jeunes talents \u00e0 \u00e9crire, jouer et r\u00e9aliser des \u0153uvres afin d\u2019assurer l\u2019int\u00e9gration des enfants de fa\u00e7on compl\u00e8te dans le jeu. Cela permettra aussi de les \u00e9loigner de l\u2019imitation et du plagiat. Nous souhaiterions par ailleurs qu\u2019ils soient cr\u00e9atifs.<\/p>\n<p>Pour atteindre ce niveau, il faudrait cr\u00e9er une technique p\u00e9dagogique qui r\u00e9alise les objectifs d\u2019ordre scientifique, intellectuel, sentimental et moteur.<\/p>\n<p>L\u2019\u00e9volution du syst\u00e8me th\u00e9\u00e2tral pour enfants exige la compr\u00e9hension de leur personnalit\u00e9, leurs besoins, et la connaissance de leur r\u00e9alit\u00e9 afin qu\u2019il y ait une production th\u00e9\u00e2trale qui r\u00e9ponde \u00e0 leurs aspirations. De ce fait, toute action dans le domaine devrait \u00eatre bas\u00e9e sur la simplicit\u00e9 et la flexibilit\u00e9 dans la communication, en s\u2019appuyant sur des \u00e9tudes et des recherches en psychologie, p\u00e9dagogie, sociologie, biologie, et de la litt\u00e9rature pour enfants, ce qui enrichira le capital de la nouvelle g\u00e9n\u00e9ration et des g\u00e9n\u00e9rations futures, sur les plans du savoir, de la\u00a0\u00a0 connaissance de la linguistique et artistique.<\/p>\n<p><a href=\"http:\/\/tna.dz\/fr\/wp-content\/uploads\/2019\/08\/enfants-tna-01.jpg\"><img decoding=\"async\" loading=\"lazy\" class=\"aligncenter wp-image-1679 size-full\" src=\"http:\/\/tna.dz\/fr\/wp-content\/uploads\/2019\/08\/enfants-tna-01.jpg\" alt=\"\" width=\"800\" height=\"523\" srcset=\"https:\/\/tna.dz\/fr\/wp-content\/uploads\/2019\/08\/enfants-tna-01.jpg 800w, https:\/\/tna.dz\/fr\/wp-content\/uploads\/2019\/08\/enfants-tna-01-300x196.jpg 300w, https:\/\/tna.dz\/fr\/wp-content\/uploads\/2019\/08\/enfants-tna-01-768x502.jpg 768w\" sizes=\"(max-width: 800px) 100vw, 800px\" \/><\/a><\/p>\n<p>L\u2019enfant est intrins\u00e8quement li\u00e9 au jeu th\u00e9\u00e2tral d\u00e8s son plus jeune \u00e2ge, et les enfants sont consid\u00e9r\u00e9s comme les plus sinc\u00e8res spectateurs parce qu\u2019ils expriment spontan\u00e9ment leurs sentiments devant ce qu\u2019ils regardent, et donc ils sont plus facilement influenc\u00e9s par le spectacle qui se d\u00e9roule sur la sc\u00e8ne \u00a0et l\u2019y vive. Le public enfant ne conna\u00eet pas le juste milieu, soit il aime le spectacle, et \u00a0y devient une partie, soit il ne l\u2019aime pas et dans ce cas il lui tournera le dos sans aucune h\u00e9sitation.<\/p>\n<p>Parmi les objectifs du th\u00e9\u00e2tre pour enfant, figure celle qui a pour but de trouver les voies et moyens \u00e9ducatifs sains \u00e0 m\u00eame d\u2019enraciner les valeurs morales en plus du divertissement et de l\u2019amusement que cet art apporte \u00e0 l\u2019enfant. Le th\u00e9\u00e2tre pour enfants traite divers sujets dont la th\u00e9matique principale est au c\u0153ur m\u00eame de l\u2019histoire racont\u00e9e. L\u2019histoire est bas\u00e9e principalement sur la simplicit\u00e9 dans les actions, l\u2019amusement et le ravissement, ainsi que la coh\u00e9rence et l\u2019encha\u00eenement des id\u00e9es exprimant le bien et le mal tout en insistant sur la punition des m\u00e9chantes personnes pour leurs mauvaises actions .<\/p>\n<p>Il est n\u00e9cessaire de mettre l\u2019exergue sur les conflits dont l\u2019utilisation doit \u00eatre \u00e9tudi\u00e9e et \u00e9quilibr\u00e9e afin de convaincre l\u2019enfant que ce qui se passe sous ses yeux est v\u00e9ridique et que les causes d\u00e9fendues par les h\u00e9ros sont claires et justes et qu\u2019il faut d\u00e9ployer des efforts consid\u00e9rables pour que le bien vainque le mal.<\/p>\n<p>Cela n\u2019emp\u00eache pas que quelquefois, l\u2019histoire peut ne pas \u00eatre r\u00e9elle mais l\u2019enfant doit la voir pour conna\u00eetre les mesures justes auxquels il croit et qu\u2019il consid\u00e8re comme un mod\u00e8le \u00e0 d\u00e9fendre.<\/p>\n<p>Les personnages du th\u00e9\u00e2tre pour enfants doivent \u00eatre bien d\u00e9finis, d\u2019aspect agr\u00e9able et attirant et dont la personnalit\u00e9 refl\u00e8te la sinc\u00e9rit\u00e9 et la vivacit\u00e9 ainsi que le courage, l\u2019intelligence et le dynamisme. Chaque fois que l\u2019action des personnages est mise en \u00e9vidence, l\u2019enfant r\u00e9agit. Plus les personnages sont vivants( vifs) dans le spectacle plus les enfants interagissent , il faut aussi que le dialogue soit intelligemment ponctu\u00e9 de quelques blagues amusantes et un peu de plaisanterie, ajoutons \u00e0 ceci quelques chansons pour faire passer le message du spectacle. Le d\u00e9cor, aussi, est consid\u00e9r\u00e9 un maillon essentiel dans le th\u00e9\u00e2tre pour enfants. C\u2019est un \u00e9l\u00e9ment qui aide l\u2019enfant \u00e0 situer l\u2019endroit et le temps dans lesquels se d\u00e9roulent les \u00e9v\u00e9nements et donc r\u00e9ussir \u00e0 construire la personnalit\u00e9 de l\u2019enfant.<\/p>\n<p>De l\u00e0 , il est indispensable d\u2019encourager les enfants \u00e0 cr\u00e9er \u00a0des spectacles, \u00e0\u00a0 construire des personnages , \u00e0 promouvoir les capacit\u00e9s artistiques et esth\u00e9tiques<\/p>\n<div id='gallery-1' class='gallery galleryid-759 gallery-columns-2 gallery-size-medium'><figure class='gallery-item'>\n\t\t\t<div class='gallery-icon landscape'>\n\t\t\t\t<a href='https:\/\/tna.dz\/fr\/wp-content\/uploads\/2019\/08\/enfants-tna-01.jpg'><img width=\"300\" height=\"196\" src=\"https:\/\/tna.dz\/fr\/wp-content\/uploads\/2019\/08\/enfants-tna-01-300x196.jpg\" class=\"attachment-medium size-medium\" alt=\"\" decoding=\"async\" loading=\"lazy\" srcset=\"https:\/\/tna.dz\/fr\/wp-content\/uploads\/2019\/08\/enfants-tna-01-300x196.jpg 300w, https:\/\/tna.dz\/fr\/wp-content\/uploads\/2019\/08\/enfants-tna-01-768x502.jpg 768w, https:\/\/tna.dz\/fr\/wp-content\/uploads\/2019\/08\/enfants-tna-01.jpg 800w\" sizes=\"(max-width: 300px) 100vw, 300px\" \/><\/a>\n\t\t\t<\/div><\/figure><figure class='gallery-item'>\n\t\t\t<div class='gallery-icon landscape'>\n\t\t\t\t<a href='https:\/\/tna.dz\/fr\/wp-content\/uploads\/2019\/08\/enfants-tna-02.jpg'><img width=\"300\" height=\"196\" src=\"https:\/\/tna.dz\/fr\/wp-content\/uploads\/2019\/08\/enfants-tna-02-300x196.jpg\" class=\"attachment-medium size-medium\" alt=\"\" decoding=\"async\" loading=\"lazy\" srcset=\"https:\/\/tna.dz\/fr\/wp-content\/uploads\/2019\/08\/enfants-tna-02-300x196.jpg 300w, https:\/\/tna.dz\/fr\/wp-content\/uploads\/2019\/08\/enfants-tna-02-768x502.jpg 768w, https:\/\/tna.dz\/fr\/wp-content\/uploads\/2019\/08\/enfants-tna-02.jpg 800w\" sizes=\"(max-width: 300px) 100vw, 300px\" \/><\/a>\n\t\t\t<\/div><\/figure>\n\t\t<\/div>\n\n","protected":false},"excerpt":{"rendered":"<p>Le th\u00e9\u00e2tre pour enfants\u2026avec les enfants et aux enfants Par Mohamed Islam Abbas J\u2019ai travaill\u00e9 comme acteur, r\u00e9alisateur et mod\u00e9rateur dans le domaine du th\u00e9\u00e2tre pour enfants pendant plus de vingt ann\u00e9es avec l\u2019association \u00ab\u00a0Echbal A\u00efn-Benian\u00a0\u00bb et suivi des pi\u00e8ces pr\u00e9sent\u00e9es aux enfants et \u00e0 l\u2019issue de cette exp\u00e9rience je suis arriv\u00e9 \u00e0 la conclusion &hellip;<\/p>\n","protected":false},"author":1,"featured_media":1679,"parent":0,"menu_order":0,"comment_status":"closed","ping_status":"closed","template":"","meta":{"footnotes":""},"yoast_head":"<!-- This site is optimized with the Yoast SEO plugin v21.2 - https:\/\/yoast.com\/wordpress\/plugins\/seo\/ -->\n<title>Espace enfant - Th\u00e9\u00e2tre national alg\u00e9rien<\/title>\n<meta name=\"description\" content=\"Le th\u00e9\u00e2tre pour enfants\u2026avec les enfants et aux enfants Par Mohamed Islam Abbas J\u2019ai travaill\u00e9 comme acteur, r\u00e9alisateur et mod\u00e9rateur dans le domaine du\" \/>\n<meta name=\"robots\" content=\"index, follow, max-snippet:-1, max-image-preview:large, max-video-preview:-1\" \/>\n<link rel=\"canonical\" href=\"https:\/\/tna.dz\/fr\/espace-enfant\/\" \/>\n<meta property=\"og:locale\" content=\"fr_FR\" \/>\n<meta property=\"og:type\" content=\"article\" \/>\n<meta property=\"og:title\" content=\"Espace enfant - Th\u00e9\u00e2tre national alg\u00e9rien\" \/>\n<meta property=\"og:description\" content=\"Le th\u00e9\u00e2tre pour enfants\u2026avec les enfants et aux enfants Par Mohamed Islam Abbas J\u2019ai travaill\u00e9 comme acteur, r\u00e9alisateur et mod\u00e9rateur dans le domaine du\" \/>\n<meta property=\"og:url\" content=\"https:\/\/tna.dz\/fr\/espace-enfant\/\" \/>\n<meta property=\"og:site_name\" content=\"Th\u00e9\u00e2tre national alg\u00e9rien\" \/>\n<meta property=\"article:modified_time\" content=\"2019-12-08T14:23:25+00:00\" \/>\n<meta property=\"og:image\" content=\"http:\/\/tna.dz\/fr\/wp-content\/uploads\/2019\/08\/enfants-tna-01.jpg\" \/>\n\t<meta property=\"og:image:width\" content=\"800\" \/>\n\t<meta property=\"og:image:height\" content=\"523\" \/>\n\t<meta property=\"og:image:type\" content=\"image\/jpeg\" \/>\n<meta name=\"twitter:card\" content=\"summary_large_image\" \/>\n<meta name=\"twitter:label1\" content=\"Dur\u00e9e de lecture estim\u00e9e\" \/>\n\t<meta name=\"twitter:data1\" content=\"5 minutes\" \/>\n<script type=\"application\/ld+json\" class=\"yoast-schema-graph\">{\"@context\":\"https:\/\/schema.org\",\"@graph\":[{\"@type\":\"WebPage\",\"@id\":\"https:\/\/tna.dz\/fr\/espace-enfant\/\",\"url\":\"https:\/\/tna.dz\/fr\/espace-enfant\/\",\"name\":\"Espace enfant - Th\u00e9\u00e2tre national alg\u00e9rien\",\"isPartOf\":{\"@id\":\"https:\/\/tna.dz\/fr\/#website\"},\"datePublished\":\"2019-03-21T16:38:26+00:00\",\"dateModified\":\"2019-12-08T14:23:25+00:00\",\"description\":\"Le th\u00e9\u00e2tre pour enfants\u2026avec les enfants et aux enfants Par Mohamed Islam Abbas J\u2019ai travaill\u00e9 comme acteur, r\u00e9alisateur et mod\u00e9rateur dans le domaine du\",\"breadcrumb\":{\"@id\":\"https:\/\/tna.dz\/fr\/espace-enfant\/#breadcrumb\"},\"inLanguage\":\"fr-FR\",\"potentialAction\":[{\"@type\":\"ReadAction\",\"target\":[\"https:\/\/tna.dz\/fr\/espace-enfant\/\"]}]},{\"@type\":\"BreadcrumbList\",\"@id\":\"https:\/\/tna.dz\/fr\/espace-enfant\/#breadcrumb\",\"itemListElement\":[{\"@type\":\"ListItem\",\"position\":1,\"name\":\"Accueil\",\"item\":\"https:\/\/tna.dz\/fr\/\"},{\"@type\":\"ListItem\",\"position\":2,\"name\":\"Espace enfant\"}]},{\"@type\":\"WebSite\",\"@id\":\"https:\/\/tna.dz\/fr\/#website\",\"url\":\"https:\/\/tna.dz\/fr\/\",\"name\":\"Th\u00e9\u00e2tre national alg\u00e9rien\",\"description\":\"Th\u00e9\u00e2tre national alg\u00e9rien Mahieddine Bachtarzi\",\"publisher\":{\"@id\":\"https:\/\/tna.dz\/fr\/#organization\"},\"potentialAction\":[{\"@type\":\"SearchAction\",\"target\":{\"@type\":\"EntryPoint\",\"urlTemplate\":\"https:\/\/tna.dz\/fr\/?s={search_term_string}\"},\"query-input\":\"required name=search_term_string\"}],\"inLanguage\":\"fr-FR\"},{\"@type\":\"Organization\",\"@id\":\"https:\/\/tna.dz\/fr\/#organization\",\"name\":\"Le Th\u00e9\u00e2tre national alg\u00e9rien\",\"url\":\"https:\/\/tna.dz\/fr\/\",\"logo\":{\"@type\":\"ImageObject\",\"inLanguage\":\"fr-FR\",\"@id\":\"https:\/\/tna.dz\/fr\/#\/schema\/logo\/image\/\",\"url\":\"https:\/\/www.tna.dz\/fr\/wp-content\/uploads\/2019\/11\/repertoire-tna-2018-2-1.png\",\"contentUrl\":\"https:\/\/www.tna.dz\/fr\/wp-content\/uploads\/2019\/11\/repertoire-tna-2018-2-1.png\",\"width\":200,\"height\":84,\"caption\":\"Le Th\u00e9\u00e2tre national alg\u00e9rien\"},\"image\":{\"@id\":\"https:\/\/tna.dz\/fr\/#\/schema\/logo\/image\/\"}}]}<\/script>\n<!-- \/ Yoast SEO plugin. -->","yoast_head_json":{"title":"Espace enfant - Th\u00e9\u00e2tre national alg\u00e9rien","description":"Le th\u00e9\u00e2tre pour enfants\u2026avec les enfants et aux enfants Par Mohamed Islam Abbas J\u2019ai travaill\u00e9 comme acteur, r\u00e9alisateur et mod\u00e9rateur dans le domaine du","robots":{"index":"index","follow":"follow","max-snippet":"max-snippet:-1","max-image-preview":"max-image-preview:large","max-video-preview":"max-video-preview:-1"},"canonical":"https:\/\/tna.dz\/fr\/espace-enfant\/","og_locale":"fr_FR","og_type":"article","og_title":"Espace enfant - Th\u00e9\u00e2tre national alg\u00e9rien","og_description":"Le th\u00e9\u00e2tre pour enfants\u2026avec les enfants et aux enfants Par Mohamed Islam Abbas J\u2019ai travaill\u00e9 comme acteur, r\u00e9alisateur et mod\u00e9rateur dans le domaine du","og_url":"https:\/\/tna.dz\/fr\/espace-enfant\/","og_site_name":"Th\u00e9\u00e2tre national alg\u00e9rien","article_modified_time":"2019-12-08T14:23:25+00:00","og_image":[{"width":800,"height":523,"url":"http:\/\/tna.dz\/fr\/wp-content\/uploads\/2019\/08\/enfants-tna-01.jpg","type":"image\/jpeg"}],"twitter_card":"summary_large_image","twitter_misc":{"Dur\u00e9e de lecture estim\u00e9e":"5 minutes"},"schema":{"@context":"https:\/\/schema.org","@graph":[{"@type":"WebPage","@id":"https:\/\/tna.dz\/fr\/espace-enfant\/","url":"https:\/\/tna.dz\/fr\/espace-enfant\/","name":"Espace enfant - Th\u00e9\u00e2tre national alg\u00e9rien","isPartOf":{"@id":"https:\/\/tna.dz\/fr\/#website"},"datePublished":"2019-03-21T16:38:26+00:00","dateModified":"2019-12-08T14:23:25+00:00","description":"Le th\u00e9\u00e2tre pour enfants\u2026avec les enfants et aux enfants Par Mohamed Islam Abbas J\u2019ai travaill\u00e9 comme acteur, r\u00e9alisateur et mod\u00e9rateur dans le domaine du","breadcrumb":{"@id":"https:\/\/tna.dz\/fr\/espace-enfant\/#breadcrumb"},"inLanguage":"fr-FR","potentialAction":[{"@type":"ReadAction","target":["https:\/\/tna.dz\/fr\/espace-enfant\/"]}]},{"@type":"BreadcrumbList","@id":"https:\/\/tna.dz\/fr\/espace-enfant\/#breadcrumb","itemListElement":[{"@type":"ListItem","position":1,"name":"Accueil","item":"https:\/\/tna.dz\/fr\/"},{"@type":"ListItem","position":2,"name":"Espace enfant"}]},{"@type":"WebSite","@id":"https:\/\/tna.dz\/fr\/#website","url":"https:\/\/tna.dz\/fr\/","name":"Th\u00e9\u00e2tre national alg\u00e9rien","description":"Th\u00e9\u00e2tre national alg\u00e9rien Mahieddine Bachtarzi","publisher":{"@id":"https:\/\/tna.dz\/fr\/#organization"},"potentialAction":[{"@type":"SearchAction","target":{"@type":"EntryPoint","urlTemplate":"https:\/\/tna.dz\/fr\/?s={search_term_string}"},"query-input":"required name=search_term_string"}],"inLanguage":"fr-FR"},{"@type":"Organization","@id":"https:\/\/tna.dz\/fr\/#organization","name":"Le Th\u00e9\u00e2tre national alg\u00e9rien","url":"https:\/\/tna.dz\/fr\/","logo":{"@type":"ImageObject","inLanguage":"fr-FR","@id":"https:\/\/tna.dz\/fr\/#\/schema\/logo\/image\/","url":"https:\/\/www.tna.dz\/fr\/wp-content\/uploads\/2019\/11\/repertoire-tna-2018-2-1.png","contentUrl":"https:\/\/www.tna.dz\/fr\/wp-content\/uploads\/2019\/11\/repertoire-tna-2018-2-1.png","width":200,"height":84,"caption":"Le Th\u00e9\u00e2tre national alg\u00e9rien"},"image":{"@id":"https:\/\/tna.dz\/fr\/#\/schema\/logo\/image\/"}}]}},"_links":{"self":[{"href":"https:\/\/tna.dz\/fr\/wp-json\/wp\/v2\/pages\/759"}],"collection":[{"href":"https:\/\/tna.dz\/fr\/wp-json\/wp\/v2\/pages"}],"about":[{"href":"https:\/\/tna.dz\/fr\/wp-json\/wp\/v2\/types\/page"}],"author":[{"embeddable":true,"href":"https:\/\/tna.dz\/fr\/wp-json\/wp\/v2\/users\/1"}],"replies":[{"embeddable":true,"href":"https:\/\/tna.dz\/fr\/wp-json\/wp\/v2\/comments?post=759"}],"version-history":[{"count":0,"href":"https:\/\/tna.dz\/fr\/wp-json\/wp\/v2\/pages\/759\/revisions"}],"wp:featuredmedia":[{"embeddable":true,"href":"https:\/\/tna.dz\/fr\/wp-json\/wp\/v2\/media\/1679"}],"wp:attachment":[{"href":"https:\/\/tna.dz\/fr\/wp-json\/wp\/v2\/media?parent=759"}],"curies":[{"name":"wp","href":"https:\/\/api.w.org\/{rel}","templated":true}]}}