{"id":761,"date":"2019-03-21T16:40:46","date_gmt":"2019-03-21T16:40:46","guid":{"rendered":"http:\/\/tna.dz\/fr\/?page_id=761"},"modified":"2021-10-05T15:06:04","modified_gmt":"2021-10-05T15:06:04","slug":"contributions","status":"publish","type":"page","link":"https:\/\/tna.dz\/fr\/contributions\/","title":{"rendered":"Contributions"},"content":{"rendered":"<p>Nous souhaitons la bienvenue \u00e0 tous les amis du th\u00e9\u00e2tre national alg\u00e9rien sur cette page.<\/p>\n<p>Ce coin du site est ouvert \u00e0 tous les professionnels du th\u00e9\u00e2tre, hommes de culture, journalistes et passionn\u00e9s d&rsquo;art.<\/p>\n<p>Nous accueillons toutes vos id\u00e9es, impressions, suggestions ainsi que vos \u00e9crits dans cet espace, qui est un espace de dialogue et de d\u00e9bat positif pour en apprendre davantage sur le th\u00e9\u00e2tre\u2026 Vous pouvez interagir avec tous les \u00e9v\u00e9nements li\u00e9s \u00e0 la vie th\u00e9\u00e2trale, \u00e0 partir de pr\u00e9sentations, publications, r\u00e9unions et festivals.<\/p>\n<p>Cet espace constitue un forum interactif et convivial\u2026 enrichi par vous et par les amateurs de th\u00e9\u00e2tre.<\/p>\n<p>Rejoignez-nous, dans cet espace, ouvert \u00e0 la discussion, \u00e0 l\u2019expression sinc\u00e8re et \u00e0 pr\u00e9senter le point de vue de fa\u00e7on libre mais objective et dans le respect\u00a0 de l\u2019opinion exprim\u00e9e dans les principes de l\u2019\u00e9thique.<\/p>\n<hr \/>\n<p>Premi\u00e8re contribution<\/p>\n<hr \/>\n<p><strong><a href=\"http:\/\/tna.dz\/fr\/public-du-theatre-inscrivez-vous\/\">Public du th\u00e9\u00e2tre \/ Inscrivez-vous\u2026<\/a><\/strong><\/p>\n","protected":false},"excerpt":{"rendered":"<p>Nous souhaitons la bienvenue \u00e0 tous les amis du th\u00e9\u00e2tre national alg\u00e9rien sur cette page. Ce coin du site est ouvert \u00e0 tous les professionnels du th\u00e9\u00e2tre, hommes de culture, journalistes et passionn\u00e9s d&rsquo;art. Nous accueillons toutes vos id\u00e9es, impressions, suggestions ainsi que vos \u00e9crits dans cet espace, qui est un espace de dialogue et &hellip;<\/p>\n","protected":false},"author":1,"featured_media":0,"parent":0,"menu_order":0,"comment_status":"closed","ping_status":"closed","template":"template-blog.php","meta":{"footnotes":""},"yoast_head":"<!-- This site is optimized with the Yoast SEO plugin v21.2 - https:\/\/yoast.com\/wordpress\/plugins\/seo\/ -->\n<title>Contributions - Th\u00e9\u00e2tre national alg\u00e9rien<\/title>\n<meta name=\"description\" content=\"Nous souhaitons la bienvenue \u00e0 tous les amis du th\u00e9\u00e2tre national alg\u00e9rien sur cette page. Ce coin du site est ouvert \u00e0 tous les professionnels du th\u00e9\u00e2tre,\" \/>\n<meta name=\"robots\" content=\"index, follow, max-snippet:-1, max-image-preview:large, max-video-preview:-1\" \/>\n<link rel=\"canonical\" href=\"https:\/\/tna.dz\/fr\/contributions\/\" \/>\n<meta property=\"og:locale\" content=\"fr_FR\" \/>\n<meta property=\"og:type\" content=\"article\" \/>\n<meta property=\"og:title\" content=\"Contributions - Th\u00e9\u00e2tre national alg\u00e9rien\" \/>\n<meta property=\"og:description\" content=\"Nous souhaitons la bienvenue \u00e0 tous les amis du th\u00e9\u00e2tre national alg\u00e9rien sur cette page. Ce coin du site est ouvert \u00e0 tous les professionnels du th\u00e9\u00e2tre,\" \/>\n<meta property=\"og:url\" content=\"https:\/\/tna.dz\/fr\/contributions\/\" \/>\n<meta property=\"og:site_name\" content=\"Th\u00e9\u00e2tre national alg\u00e9rien\" \/>\n<meta property=\"article:modified_time\" content=\"2021-10-05T15:06:04+00:00\" \/>\n<meta name=\"twitter:card\" content=\"summary_large_image\" \/>\n<meta name=\"twitter:label1\" content=\"Dur\u00e9e de lecture estim\u00e9e\" \/>\n\t<meta name=\"twitter:data1\" content=\"1 minute\" \/>\n<script type=\"application\/ld+json\" class=\"yoast-schema-graph\">{\"@context\":\"https:\/\/schema.org\",\"@graph\":[{\"@type\":\"WebPage\",\"@id\":\"https:\/\/tna.dz\/fr\/contributions\/\",\"url\":\"https:\/\/tna.dz\/fr\/contributions\/\",\"name\":\"Contributions - Th\u00e9\u00e2tre national alg\u00e9rien\",\"isPartOf\":{\"@id\":\"https:\/\/tna.dz\/fr\/#website\"},\"datePublished\":\"2019-03-21T16:40:46+00:00\",\"dateModified\":\"2021-10-05T15:06:04+00:00\",\"description\":\"Nous souhaitons la bienvenue \u00e0 tous les amis du th\u00e9\u00e2tre national alg\u00e9rien sur cette page. Ce coin du site est ouvert \u00e0 tous les professionnels du th\u00e9\u00e2tre,\",\"breadcrumb\":{\"@id\":\"https:\/\/tna.dz\/fr\/contributions\/#breadcrumb\"},\"inLanguage\":\"fr-FR\",\"potentialAction\":[{\"@type\":\"ReadAction\",\"target\":[\"https:\/\/tna.dz\/fr\/contributions\/\"]}]},{\"@type\":\"BreadcrumbList\",\"@id\":\"https:\/\/tna.dz\/fr\/contributions\/#breadcrumb\",\"itemListElement\":[{\"@type\":\"ListItem\",\"position\":1,\"name\":\"Accueil\",\"item\":\"https:\/\/tna.dz\/fr\/\"},{\"@type\":\"ListItem\",\"position\":2,\"name\":\"Contributions\"}]},{\"@type\":\"WebSite\",\"@id\":\"https:\/\/tna.dz\/fr\/#website\",\"url\":\"https:\/\/tna.dz\/fr\/\",\"name\":\"Th\u00e9\u00e2tre national alg\u00e9rien\",\"description\":\"Th\u00e9\u00e2tre national alg\u00e9rien Mahieddine Bachtarzi\",\"publisher\":{\"@id\":\"https:\/\/tna.dz\/fr\/#organization\"},\"potentialAction\":[{\"@type\":\"SearchAction\",\"target\":{\"@type\":\"EntryPoint\",\"urlTemplate\":\"https:\/\/tna.dz\/fr\/?s={search_term_string}\"},\"query-input\":\"required name=search_term_string\"}],\"inLanguage\":\"fr-FR\"},{\"@type\":\"Organization\",\"@id\":\"https:\/\/tna.dz\/fr\/#organization\",\"name\":\"Le Th\u00e9\u00e2tre national alg\u00e9rien\",\"url\":\"https:\/\/tna.dz\/fr\/\",\"logo\":{\"@type\":\"ImageObject\",\"inLanguage\":\"fr-FR\",\"@id\":\"https:\/\/tna.dz\/fr\/#\/schema\/logo\/image\/\",\"url\":\"https:\/\/www.tna.dz\/fr\/wp-content\/uploads\/2019\/11\/repertoire-tna-2018-2-1.png\",\"contentUrl\":\"https:\/\/www.tna.dz\/fr\/wp-content\/uploads\/2019\/11\/repertoire-tna-2018-2-1.png\",\"width\":200,\"height\":84,\"caption\":\"Le Th\u00e9\u00e2tre national alg\u00e9rien\"},\"image\":{\"@id\":\"https:\/\/tna.dz\/fr\/#\/schema\/logo\/image\/\"}}]}<\/script>\n<!-- \/ Yoast SEO plugin. -->","yoast_head_json":{"title":"Contributions - Th\u00e9\u00e2tre national alg\u00e9rien","description":"Nous souhaitons la bienvenue \u00e0 tous les amis du th\u00e9\u00e2tre national alg\u00e9rien sur cette page. Ce coin du site est ouvert \u00e0 tous les professionnels du th\u00e9\u00e2tre,","robots":{"index":"index","follow":"follow","max-snippet":"max-snippet:-1","max-image-preview":"max-image-preview:large","max-video-preview":"max-video-preview:-1"},"canonical":"https:\/\/tna.dz\/fr\/contributions\/","og_locale":"fr_FR","og_type":"article","og_title":"Contributions - Th\u00e9\u00e2tre national alg\u00e9rien","og_description":"Nous souhaitons la bienvenue \u00e0 tous les amis du th\u00e9\u00e2tre national alg\u00e9rien sur cette page. Ce coin du site est ouvert \u00e0 tous les professionnels du th\u00e9\u00e2tre,","og_url":"https:\/\/tna.dz\/fr\/contributions\/","og_site_name":"Th\u00e9\u00e2tre national alg\u00e9rien","article_modified_time":"2021-10-05T15:06:04+00:00","twitter_card":"summary_large_image","twitter_misc":{"Dur\u00e9e de lecture estim\u00e9e":"1 minute"},"schema":{"@context":"https:\/\/schema.org","@graph":[{"@type":"WebPage","@id":"https:\/\/tna.dz\/fr\/contributions\/","url":"https:\/\/tna.dz\/fr\/contributions\/","name":"Contributions - Th\u00e9\u00e2tre national alg\u00e9rien","isPartOf":{"@id":"https:\/\/tna.dz\/fr\/#website"},"datePublished":"2019-03-21T16:40:46+00:00","dateModified":"2021-10-05T15:06:04+00:00","description":"Nous souhaitons la bienvenue \u00e0 tous les amis du th\u00e9\u00e2tre national alg\u00e9rien sur cette page. Ce coin du site est ouvert \u00e0 tous les professionnels du th\u00e9\u00e2tre,","breadcrumb":{"@id":"https:\/\/tna.dz\/fr\/contributions\/#breadcrumb"},"inLanguage":"fr-FR","potentialAction":[{"@type":"ReadAction","target":["https:\/\/tna.dz\/fr\/contributions\/"]}]},{"@type":"BreadcrumbList","@id":"https:\/\/tna.dz\/fr\/contributions\/#breadcrumb","itemListElement":[{"@type":"ListItem","position":1,"name":"Accueil","item":"https:\/\/tna.dz\/fr\/"},{"@type":"ListItem","position":2,"name":"Contributions"}]},{"@type":"WebSite","@id":"https:\/\/tna.dz\/fr\/#website","url":"https:\/\/tna.dz\/fr\/","name":"Th\u00e9\u00e2tre national alg\u00e9rien","description":"Th\u00e9\u00e2tre national alg\u00e9rien Mahieddine Bachtarzi","publisher":{"@id":"https:\/\/tna.dz\/fr\/#organization"},"potentialAction":[{"@type":"SearchAction","target":{"@type":"EntryPoint","urlTemplate":"https:\/\/tna.dz\/fr\/?s={search_term_string}"},"query-input":"required name=search_term_string"}],"inLanguage":"fr-FR"},{"@type":"Organization","@id":"https:\/\/tna.dz\/fr\/#organization","name":"Le Th\u00e9\u00e2tre national alg\u00e9rien","url":"https:\/\/tna.dz\/fr\/","logo":{"@type":"ImageObject","inLanguage":"fr-FR","@id":"https:\/\/tna.dz\/fr\/#\/schema\/logo\/image\/","url":"https:\/\/www.tna.dz\/fr\/wp-content\/uploads\/2019\/11\/repertoire-tna-2018-2-1.png","contentUrl":"https:\/\/www.tna.dz\/fr\/wp-content\/uploads\/2019\/11\/repertoire-tna-2018-2-1.png","width":200,"height":84,"caption":"Le Th\u00e9\u00e2tre national alg\u00e9rien"},"image":{"@id":"https:\/\/tna.dz\/fr\/#\/schema\/logo\/image\/"}}]}},"_links":{"self":[{"href":"https:\/\/tna.dz\/fr\/wp-json\/wp\/v2\/pages\/761"}],"collection":[{"href":"https:\/\/tna.dz\/fr\/wp-json\/wp\/v2\/pages"}],"about":[{"href":"https:\/\/tna.dz\/fr\/wp-json\/wp\/v2\/types\/page"}],"author":[{"embeddable":true,"href":"https:\/\/tna.dz\/fr\/wp-json\/wp\/v2\/users\/1"}],"replies":[{"embeddable":true,"href":"https:\/\/tna.dz\/fr\/wp-json\/wp\/v2\/comments?post=761"}],"version-history":[{"count":2,"href":"https:\/\/tna.dz\/fr\/wp-json\/wp\/v2\/pages\/761\/revisions"}],"predecessor-version":[{"id":3349,"href":"https:\/\/tna.dz\/fr\/wp-json\/wp\/v2\/pages\/761\/revisions\/3349"}],"wp:attachment":[{"href":"https:\/\/tna.dz\/fr\/wp-json\/wp\/v2\/media?parent=761"}],"curies":[{"name":"wp","href":"https:\/\/api.w.org\/{rel}","templated":true}]}}