{"id":796,"date":"2019-03-24T16:47:24","date_gmt":"2019-03-24T16:47:24","guid":{"rendered":"http:\/\/tna.dz\/fr\/?page_id=796"},"modified":"2020-11-09T08:00:05","modified_gmt":"2020-11-09T08:00:05","slug":"communiques-de-presse","status":"publish","type":"page","link":"https:\/\/tna.dz\/fr\/communiques-de-presse\/","title":{"rendered":"Communiqu\u00e9s de presse"},"content":{"rendered":"<p>Communiqu\u00e9s de presse relatifs aux activit\u00e9s du Th\u00e9\u00e2tre National Alg\u00e9rien Mahieddine-Bachtarzi : conf\u00e9rences de presse, rencontres, pi\u00e8ces de th\u00e9\u00e2tre et dossiers de presse&#8230;<\/p>\n","protected":false},"excerpt":{"rendered":"<p>Communiqu\u00e9s de presse relatifs aux activit\u00e9s du Th\u00e9\u00e2tre National Alg\u00e9rien Mahieddine-Bachtarzi : conf\u00e9rences de presse, rencontres, pi\u00e8ces de th\u00e9\u00e2tre et dossiers de presse&#8230;<\/p>\n","protected":false},"author":1,"featured_media":0,"parent":0,"menu_order":0,"comment_status":"closed","ping_status":"closed","template":"","meta":{"footnotes":""},"yoast_head":"<!-- This site is optimized with the Yoast SEO plugin v21.2 - https:\/\/yoast.com\/wordpress\/plugins\/seo\/ -->\n<title>Communiqu\u00e9s de presse - Th\u00e9\u00e2tre national alg\u00e9rien<\/title>\n<meta name=\"description\" content=\"Communiqu\u00e9s de presse relatifs aux activit\u00e9s du Th\u00e9\u00e2tre National Alg\u00e9rien Mahieddine-Bachtarzi : conf\u00e9rences de presse, rencontres, pi\u00e8ces de th\u00e9\u00e2tre et\" \/>\n<meta name=\"robots\" content=\"index, follow, max-snippet:-1, max-image-preview:large, max-video-preview:-1\" \/>\n<link rel=\"canonical\" href=\"https:\/\/tna.dz\/fr\/communiques-de-presse\/\" \/>\n<meta property=\"og:locale\" content=\"fr_FR\" \/>\n<meta property=\"og:type\" content=\"article\" \/>\n<meta property=\"og:title\" content=\"Communiqu\u00e9s de presse - Th\u00e9\u00e2tre national alg\u00e9rien\" \/>\n<meta property=\"og:description\" content=\"Communiqu\u00e9s de presse relatifs aux activit\u00e9s du Th\u00e9\u00e2tre National Alg\u00e9rien Mahieddine-Bachtarzi : conf\u00e9rences de presse, rencontres, pi\u00e8ces de th\u00e9\u00e2tre et\" \/>\n<meta property=\"og:url\" content=\"https:\/\/tna.dz\/fr\/communiques-de-presse\/\" \/>\n<meta property=\"og:site_name\" content=\"Th\u00e9\u00e2tre national alg\u00e9rien\" \/>\n<meta property=\"article:modified_time\" content=\"2020-11-09T08:00:05+00:00\" \/>\n<meta name=\"twitter:card\" content=\"summary_large_image\" \/>\n<script type=\"application\/ld+json\" class=\"yoast-schema-graph\">{\"@context\":\"https:\/\/schema.org\",\"@graph\":[{\"@type\":\"WebPage\",\"@id\":\"https:\/\/tna.dz\/fr\/communiques-de-presse\/\",\"url\":\"https:\/\/tna.dz\/fr\/communiques-de-presse\/\",\"name\":\"Communiqu\u00e9s de presse - Th\u00e9\u00e2tre national alg\u00e9rien\",\"isPartOf\":{\"@id\":\"https:\/\/tna.dz\/fr\/#website\"},\"datePublished\":\"2019-03-24T16:47:24+00:00\",\"dateModified\":\"2020-11-09T08:00:05+00:00\",\"description\":\"Communiqu\u00e9s de presse relatifs aux activit\u00e9s du Th\u00e9\u00e2tre National Alg\u00e9rien Mahieddine-Bachtarzi : conf\u00e9rences de presse, rencontres, pi\u00e8ces de th\u00e9\u00e2tre et\",\"breadcrumb\":{\"@id\":\"https:\/\/tna.dz\/fr\/communiques-de-presse\/#breadcrumb\"},\"inLanguage\":\"fr-FR\",\"potentialAction\":[{\"@type\":\"ReadAction\",\"target\":[\"https:\/\/tna.dz\/fr\/communiques-de-presse\/\"]}]},{\"@type\":\"BreadcrumbList\",\"@id\":\"https:\/\/tna.dz\/fr\/communiques-de-presse\/#breadcrumb\",\"itemListElement\":[{\"@type\":\"ListItem\",\"position\":1,\"name\":\"Accueil\",\"item\":\"https:\/\/tna.dz\/fr\/\"},{\"@type\":\"ListItem\",\"position\":2,\"name\":\"Communiqu\u00e9s de presse\"}]},{\"@type\":\"WebSite\",\"@id\":\"https:\/\/tna.dz\/fr\/#website\",\"url\":\"https:\/\/tna.dz\/fr\/\",\"name\":\"Th\u00e9\u00e2tre national alg\u00e9rien\",\"description\":\"Th\u00e9\u00e2tre national alg\u00e9rien Mahieddine Bachtarzi\",\"publisher\":{\"@id\":\"https:\/\/tna.dz\/fr\/#organization\"},\"potentialAction\":[{\"@type\":\"SearchAction\",\"target\":{\"@type\":\"EntryPoint\",\"urlTemplate\":\"https:\/\/tna.dz\/fr\/?s={search_term_string}\"},\"query-input\":\"required name=search_term_string\"}],\"inLanguage\":\"fr-FR\"},{\"@type\":\"Organization\",\"@id\":\"https:\/\/tna.dz\/fr\/#organization\",\"name\":\"Le Th\u00e9\u00e2tre national alg\u00e9rien\",\"url\":\"https:\/\/tna.dz\/fr\/\",\"logo\":{\"@type\":\"ImageObject\",\"inLanguage\":\"fr-FR\",\"@id\":\"https:\/\/tna.dz\/fr\/#\/schema\/logo\/image\/\",\"url\":\"https:\/\/www.tna.dz\/fr\/wp-content\/uploads\/2019\/11\/repertoire-tna-2018-2-1.png\",\"contentUrl\":\"https:\/\/www.tna.dz\/fr\/wp-content\/uploads\/2019\/11\/repertoire-tna-2018-2-1.png\",\"width\":200,\"height\":84,\"caption\":\"Le Th\u00e9\u00e2tre national alg\u00e9rien\"},\"image\":{\"@id\":\"https:\/\/tna.dz\/fr\/#\/schema\/logo\/image\/\"}}]}<\/script>\n<!-- \/ Yoast SEO plugin. -->","yoast_head_json":{"title":"Communiqu\u00e9s de presse - Th\u00e9\u00e2tre national alg\u00e9rien","description":"Communiqu\u00e9s de presse relatifs aux activit\u00e9s du Th\u00e9\u00e2tre National Alg\u00e9rien Mahieddine-Bachtarzi : conf\u00e9rences de presse, rencontres, pi\u00e8ces de th\u00e9\u00e2tre et","robots":{"index":"index","follow":"follow","max-snippet":"max-snippet:-1","max-image-preview":"max-image-preview:large","max-video-preview":"max-video-preview:-1"},"canonical":"https:\/\/tna.dz\/fr\/communiques-de-presse\/","og_locale":"fr_FR","og_type":"article","og_title":"Communiqu\u00e9s de presse - Th\u00e9\u00e2tre national alg\u00e9rien","og_description":"Communiqu\u00e9s de presse relatifs aux activit\u00e9s du Th\u00e9\u00e2tre National Alg\u00e9rien Mahieddine-Bachtarzi : conf\u00e9rences de presse, rencontres, pi\u00e8ces de th\u00e9\u00e2tre et","og_url":"https:\/\/tna.dz\/fr\/communiques-de-presse\/","og_site_name":"Th\u00e9\u00e2tre national alg\u00e9rien","article_modified_time":"2020-11-09T08:00:05+00:00","twitter_card":"summary_large_image","schema":{"@context":"https:\/\/schema.org","@graph":[{"@type":"WebPage","@id":"https:\/\/tna.dz\/fr\/communiques-de-presse\/","url":"https:\/\/tna.dz\/fr\/communiques-de-presse\/","name":"Communiqu\u00e9s de presse - Th\u00e9\u00e2tre national alg\u00e9rien","isPartOf":{"@id":"https:\/\/tna.dz\/fr\/#website"},"datePublished":"2019-03-24T16:47:24+00:00","dateModified":"2020-11-09T08:00:05+00:00","description":"Communiqu\u00e9s de presse relatifs aux activit\u00e9s du Th\u00e9\u00e2tre National Alg\u00e9rien Mahieddine-Bachtarzi : conf\u00e9rences de presse, rencontres, pi\u00e8ces de th\u00e9\u00e2tre et","breadcrumb":{"@id":"https:\/\/tna.dz\/fr\/communiques-de-presse\/#breadcrumb"},"inLanguage":"fr-FR","potentialAction":[{"@type":"ReadAction","target":["https:\/\/tna.dz\/fr\/communiques-de-presse\/"]}]},{"@type":"BreadcrumbList","@id":"https:\/\/tna.dz\/fr\/communiques-de-presse\/#breadcrumb","itemListElement":[{"@type":"ListItem","position":1,"name":"Accueil","item":"https:\/\/tna.dz\/fr\/"},{"@type":"ListItem","position":2,"name":"Communiqu\u00e9s de presse"}]},{"@type":"WebSite","@id":"https:\/\/tna.dz\/fr\/#website","url":"https:\/\/tna.dz\/fr\/","name":"Th\u00e9\u00e2tre national alg\u00e9rien","description":"Th\u00e9\u00e2tre national alg\u00e9rien Mahieddine Bachtarzi","publisher":{"@id":"https:\/\/tna.dz\/fr\/#organization"},"potentialAction":[{"@type":"SearchAction","target":{"@type":"EntryPoint","urlTemplate":"https:\/\/tna.dz\/fr\/?s={search_term_string}"},"query-input":"required name=search_term_string"}],"inLanguage":"fr-FR"},{"@type":"Organization","@id":"https:\/\/tna.dz\/fr\/#organization","name":"Le Th\u00e9\u00e2tre national alg\u00e9rien","url":"https:\/\/tna.dz\/fr\/","logo":{"@type":"ImageObject","inLanguage":"fr-FR","@id":"https:\/\/tna.dz\/fr\/#\/schema\/logo\/image\/","url":"https:\/\/www.tna.dz\/fr\/wp-content\/uploads\/2019\/11\/repertoire-tna-2018-2-1.png","contentUrl":"https:\/\/www.tna.dz\/fr\/wp-content\/uploads\/2019\/11\/repertoire-tna-2018-2-1.png","width":200,"height":84,"caption":"Le Th\u00e9\u00e2tre national alg\u00e9rien"},"image":{"@id":"https:\/\/tna.dz\/fr\/#\/schema\/logo\/image\/"}}]}},"_links":{"self":[{"href":"https:\/\/tna.dz\/fr\/wp-json\/wp\/v2\/pages\/796"}],"collection":[{"href":"https:\/\/tna.dz\/fr\/wp-json\/wp\/v2\/pages"}],"about":[{"href":"https:\/\/tna.dz\/fr\/wp-json\/wp\/v2\/types\/page"}],"author":[{"embeddable":true,"href":"https:\/\/tna.dz\/fr\/wp-json\/wp\/v2\/users\/1"}],"replies":[{"embeddable":true,"href":"https:\/\/tna.dz\/fr\/wp-json\/wp\/v2\/comments?post=796"}],"version-history":[{"count":0,"href":"https:\/\/tna.dz\/fr\/wp-json\/wp\/v2\/pages\/796\/revisions"}],"wp:attachment":[{"href":"https:\/\/tna.dz\/fr\/wp-json\/wp\/v2\/media?parent=796"}],"curies":[{"name":"wp","href":"https:\/\/api.w.org\/{rel}","templated":true}]}}