{"id":801,"date":"2019-03-24T16:52:56","date_gmt":"2019-03-24T16:52:56","guid":{"rendered":"http:\/\/tna.dz\/fr\/?page_id=801"},"modified":"2020-11-09T08:02:06","modified_gmt":"2020-11-09T08:02:06","slug":"audio-visuel-2","status":"publish","type":"page","link":"https:\/\/tna.dz\/fr\/audio-visuel-2\/","title":{"rendered":"Audio Visuel"},"content":{"rendered":"<p>Suivez nos programmes sur notre cha\u00eene YouTube&#8230;<\/p>\n\n\n<div id=\"sb_youtube_sbyUC4iMKnDUozDnbAwYNPcuyQ4\" \n\t class=\"sb_youtube sby_layout_gallery sby_col_3 sby_mob_col_2 sby_palette_inherit  sby_width_resp\" \n\tdata-feedid=\"sby_UC4-iMKnDUozDnbAwYNPcuyQ#4\" \n\tdata-shortcode-atts=\"{}\" \n\tdata-cols=\"3\" \n\tdata-colsmobile=\"2\" \n\tdata-num=\"4\" \n\tdata-nummobile=\"9\" \n\tdata-channel-subscribers=\"2.7K abonn\u00e9es et abonn\u00e9s\"\tdata-subscribe-btn=\"1\" \n\tdata-subscribe-btn-text=\"Subscribe\" \n\tdata_channel_header_colors =\"{&quot;channelName&quot;:&quot;&quot;,&quot;subscribeCount&quot;:&quot;&quot;,&quot;buttonBackground&quot;:&quot;&quot;,&quot;buttonText&quot;:&quot;&quot;}\"\n\t data-sby-flags=\"checkWPPosts,resizeDisable\" data-postid=\"801\" style=\"width: 100%;\" \n\t data-videocardlayout=\"vertical\" \n>\n\t    <div id=\"sby_player_VVU0LWlNS25EVW96RG5iQXdZTlBjdXlRLmJkSUhJTEdSWmkw\" class=\"sby_player_outer_wrap sby_player_item\"  style=\"padding: 5px;padding-bottom: 0;\">\n    <div class=\"sby_video_thumbnail_wrap\">\n        <a class=\"sby_video_thumbnail sby_player_video_thumbnail\" href=\"https:\/\/www.youtube.com\/watch?v=bdIHILGRZi0\" target=\"_blank\" rel=\"noopener\" data-full-res=\"https:\/\/i.ytimg.com\/vi\/bdIHILGRZi0\/maxresdefault.jpg\" data-img-src-set=\"{&quot;120&quot;:&quot;https:\\\/\\\/i.ytimg.com\\\/vi\\\/bdIHILGRZi0\\\/default.jpg&quot;,&quot;320&quot;:&quot;https:\\\/\\\/i.ytimg.com\\\/vi\\\/bdIHILGRZi0\\\/mqdefault.jpg&quot;,&quot;480&quot;:&quot;https:\\\/\\\/i.ytimg.com\\\/vi\\\/bdIHILGRZi0\\\/hqdefault.jpg&quot;,&quot;640&quot;:&quot;https:\\\/\\\/i.ytimg.com\\\/vi\\\/bdIHILGRZi0\\\/sddefault.jpg&quot;}\" data-video-id=\"bdIHILGRZi0\">\n            <span class=\"sby-screenreader\">Vid\u00e9o YouTube VVU0LWlNS25EVW96RG5iQXdZTlBjdXlRLmJkSUhJTEdSWmkw<\/span>\n            <img src=\"https:\/\/tna.dz\/fr\/wp-content\/plugins\/feeds-for-youtube\/img\/placeholder.png\" alt=\"\u0628\u0645\u0646\u0627\u0633\u0628\u0629 \u0627\u0644\u0627\u062d\u062a\u0641\u0627\u0644 \u0628\u0631\u0623\u0633 \u0627\u0644\u0633\u0646\u0629 \u0627\u0644\u0623\u0645\u0627\u0632\u064a\u063a\u064a\u0629 &quot;\u064a\u0646\u0627\u064a\u0631&quot; 2975 \u064a\u064f\u0642\u062f\u0645 \u0627\u0644\u0645\u0633\u0631\u062d \u0627\u0644\u0648\u0637\u0646\u064a \u0627\u0644\u062c\u0632\u0627\u0626\u0631\u064a \u0628\u0631\u0646\u0627\u0645\u062c\u064b\u0627 \u062b\u0642\u0627\u0641\u064a\u064b\u0627 \u0648\u0641\u0646\u064a\u064b\u0627 \u062b\u0631\u064a\u064b\u0627 \u064a\u0639\u0643\u0633 \u0627\u0644\u062a\u0631\u0627\u062b \u0627\u0644\u0623\u0645\u0627\u0632\u064a\u063a\u064a \u0627\u0644\u063a\u0646\u064a :\n - \u0645\u0639\u0631\u0636 \u0644\u0644\u0623\u0632\u064a\u0627\u0621 \u0648\u0627\u0644\u0625\u0643\u0633\u0633\u0648\u0627\u0631\u0627\u062a \u0627\u0644\u062a\u0642\u0644\u064a\u062f\u064a\u0629 \u0627\u0644\u0623\u0645\u0627\u0632\u064a\u063a\u064a\u0629:\n - \u0642\u0631\u0627\u0621\u0627\u062a \u0634\u0639\u0631\u064a\u0629 \u0628\u0627\u0644\u0644\u063a\u0629 \u0627\u0644\u0623\u0645\u0627\u0632\u064a\u063a\u064a\u0629\n - \u0639\u0631\u0648\u0636 \u0645\u0633\u0631\u062d\u064a\u0629\nTh\u00e9atre National Alg\u00e9rien\">\n            <span class=\"sby_loader sby_hidden\" style=\"background-color: rgb(255, 255, 255);\"><\/span>\n        <\/a>\n                    <div class=\"sby_play_btn\">\n            <svg aria-hidden=\"true\" focusable=\"false\" data-prefix=\"fab\" data-icon=\"youtube\" role=\"img\" xmlns=\"http:\/\/www.w3.org\/2000\/svg\" viewBox=\"0 0 576 512\" class=\"svg-inline--fa fa-youtube fa-w-18\"><path fill=\"currentColor\" d=\"M549.655 124.083c-6.281-23.65-24.787-42.276-48.284-48.597C458.781 64 288 64 288 64S117.22 64 74.629 75.486c-23.497 6.322-42.003 24.947-48.284 48.597-11.412 42.867-11.412 132.305-11.412 132.305s0 89.438 11.412 132.305c6.281 23.65 24.787 41.5 48.284 47.821C117.22 448 288 448 288 448s170.78 0 213.371-11.486c23.497-6.321 42.003-24.171 48.284-47.821 11.412-42.867 11.412-132.305 11.412-132.305s0-89.438-11.412-132.305zm-317.51 213.508V175.185l142.739 81.205-142.739 81.201z\" class=\"\"><\/path><\/svg>                <span class=\"sby_play_btn_bg\"><\/span>\n            <\/div>\n                <div class=\"sby_player_wrap\">\n            <div class=\"sby_player\"><\/div>\n        <\/div>\n    <\/div>\n<\/div>\n    <div class=\"sby_items_wrap\" style=\"padding: 5px;\">\n\t\t<div class=\"sby_item  sby_new sby_transition\" id=\"sby_VVU0LWlNS25EVW96RG5iQXdZTlBjdXlRLmJkSUhJTEdSWmkw\" data-date=\"1736696435\" data-video-id=\"bdIHILGRZi0\">\n    <div class=\"sby_inner_item\">\n        <div class=\"sby_video_thumbnail_wrap sby_item_video_thumbnail_wrap\">\n            <a class=\"sby_video_thumbnail sby_item_video_thumbnail\" href=\"https:\/\/www.youtube.com\/watch?v=bdIHILGRZi0\" target=\"_blank\" rel=\"noopener\" data-full-res=\"https:\/\/i.ytimg.com\/vi\/bdIHILGRZi0\/maxresdefault.jpg\" data-img-src-set=\"{&quot;120&quot;:&quot;https:\\\/\\\/i.ytimg.com\\\/vi\\\/bdIHILGRZi0\\\/default.jpg&quot;,&quot;320&quot;:&quot;https:\\\/\\\/i.ytimg.com\\\/vi\\\/bdIHILGRZi0\\\/mqdefault.jpg&quot;,&quot;480&quot;:&quot;https:\\\/\\\/i.ytimg.com\\\/vi\\\/bdIHILGRZi0\\\/hqdefault.jpg&quot;,&quot;640&quot;:&quot;https:\\\/\\\/i.ytimg.com\\\/vi\\\/bdIHILGRZi0\\\/sddefault.jpg&quot;}\" data-video-id=\"bdIHILGRZi0\" data-video-title=\"&quot;\u064a\u0646\u0627\u064a\u0631&quot; 2975\">\n                <img src=\"https:\/\/tna.dz\/fr\/wp-content\/plugins\/feeds-for-youtube\/img\/placeholder.png\" alt=\"\u0628\u0645\u0646\u0627\u0633\u0628\u0629 \u0627\u0644\u0627\u062d\u062a\u0641\u0627\u0644 \u0628\u0631\u0623\u0633 \u0627\u0644\u0633\u0646\u0629 \u0627\u0644\u0623\u0645\u0627\u0632\u064a\u063a\u064a\u0629 &quot;\u064a\u0646\u0627\u064a\u0631&quot; 2975 \u064a\u064f\u0642\u062f\u0645 \u0627\u0644\u0645\u0633\u0631\u062d \u0627\u0644\u0648\u0637\u0646\u064a \u0627\u0644\u062c\u0632\u0627\u0626\u0631\u064a \u0628\u0631\u0646\u0627\u0645\u062c\u064b\u0627 \u062b\u0642\u0627\u0641\u064a\u064b\u0627 \u0648\u0641\u0646\u064a\u064b\u0627 \u062b\u0631\u064a\u064b\u0627 \u064a\u0639\u0643\u0633 \u0627\u0644\u062a\u0631\u0627\u062b \u0627\u0644\u0623\u0645\u0627\u0632\u064a\u063a\u064a \u0627\u0644\u063a\u0646\u064a :\n - \u0645\u0639\u0631\u0636 \u0644\u0644\u0623\u0632\u064a\u0627\u0621 \u0648\u0627\u0644\u0625\u0643\u0633\u0633\u0648\u0627\u0631\u0627\u062a \u0627\u0644\u062a\u0642\u0644\u064a\u062f\u064a\u0629 \u0627\u0644\u0623\u0645\u0627\u0632\u064a\u063a\u064a\u0629:\n - \u0642\u0631\u0627\u0621\u0627\u062a \u0634\u0639\u0631\u064a\u0629 \u0628\u0627\u0644\u0644\u063a\u0629 \u0627\u0644\u0623\u0645\u0627\u0632\u064a\u063a\u064a\u0629\n - \u0639\u0631\u0648\u0636 \u0645\u0633\u0631\u062d\u064a\u0629\nTh\u00e9atre National Alg\u00e9rien\">\n\n                <div class=\"sby_thumbnail_hover sby_item_video_thumbnail_hover\">\n                    <div class=\"sby_thumbnail_hover_inner\">\n                                            <\/div>\n                <\/div>\n\n                                    <div class=\"sby_play_btn\" >\n                        <span class=\"sby_play_btn_bg\"><\/span>\n                        <svg aria-hidden=\"true\" focusable=\"false\" data-prefix=\"fab\" data-icon=\"youtube\" role=\"img\" xmlns=\"http:\/\/www.w3.org\/2000\/svg\" viewBox=\"0 0 576 512\" class=\"svg-inline--fa fa-youtube fa-w-18\"><path fill=\"currentColor\" d=\"M549.655 124.083c-6.281-23.65-24.787-42.276-48.284-48.597C458.781 64 288 64 288 64S117.22 64 74.629 75.486c-23.497 6.322-42.003 24.947-48.284 48.597-11.412 42.867-11.412 132.305-11.412 132.305s0 89.438 11.412 132.305c6.281 23.65 24.787 41.5 48.284 47.821C117.22 448 288 448 288 448s170.78 0 213.371-11.486c23.497-6.321 42.003-24.171 48.284-47.821 11.412-42.867 11.412-132.305 11.412-132.305s0-89.438-11.412-132.305zm-317.51 213.508V175.185l142.739 81.205-142.739 81.201z\" class=\"\"><\/path><\/svg>                    <\/div>\n                                <span class=\"sby_loader sby_hidden\" style=\"background-color: rgb(255, 255, 255);\"><\/span>\n            <\/a>\n\n                    <\/div>\n    <\/div>\n<\/div><div class=\"sby_item  sby_new sby_transition\" id=\"sby_VVU0LWlNS25EVW96RG5iQXdZTlBjdXlRLk13cVZpNU5aSVBn\" data-date=\"1735736228\" data-video-id=\"MwqVi5NZIPg\">\n    <div class=\"sby_inner_item\">\n        <div class=\"sby_video_thumbnail_wrap sby_item_video_thumbnail_wrap\">\n            <a class=\"sby_video_thumbnail sby_item_video_thumbnail\" href=\"https:\/\/www.youtube.com\/watch?v=MwqVi5NZIPg\" target=\"_blank\" rel=\"noopener\" data-full-res=\"https:\/\/i.ytimg.com\/vi\/MwqVi5NZIPg\/hqdefault.jpg\" data-img-src-set=\"{&quot;120&quot;:&quot;https:\\\/\\\/i.ytimg.com\\\/vi\\\/MwqVi5NZIPg\\\/default.jpg&quot;,&quot;320&quot;:&quot;https:\\\/\\\/i.ytimg.com\\\/vi\\\/MwqVi5NZIPg\\\/mqdefault.jpg&quot;,&quot;480&quot;:&quot;https:\\\/\\\/i.ytimg.com\\\/vi\\\/MwqVi5NZIPg\\\/hqdefault.jpg&quot;,&quot;640&quot;:&quot;https:\\\/\\\/i.ytimg.com\\\/vi\\\/MwqVi5NZIPg\\\/sddefault.jpg&quot;}\" data-video-id=\"MwqVi5NZIPg\" data-video-title=\"\u0645\u0631\u0627\u062f \u0633\u0646\u0648\u0633\u064a\">\n                <img src=\"https:\/\/tna.dz\/fr\/wp-content\/plugins\/feeds-for-youtube\/img\/placeholder.png\" alt=\"\u0645\u0631\u0627\u062f \u0633\u0646\u0648\u0633\u064a\nTh\u00e9atre National Alg\u00e9rien\">\n\n                <div class=\"sby_thumbnail_hover sby_item_video_thumbnail_hover\">\n                    <div class=\"sby_thumbnail_hover_inner\">\n                                            <\/div>\n                <\/div>\n\n                                    <div class=\"sby_play_btn\" >\n                        <span class=\"sby_play_btn_bg\"><\/span>\n                        <svg aria-hidden=\"true\" focusable=\"false\" data-prefix=\"fab\" data-icon=\"youtube\" role=\"img\" xmlns=\"http:\/\/www.w3.org\/2000\/svg\" viewBox=\"0 0 576 512\" class=\"svg-inline--fa fa-youtube fa-w-18\"><path fill=\"currentColor\" d=\"M549.655 124.083c-6.281-23.65-24.787-42.276-48.284-48.597C458.781 64 288 64 288 64S117.22 64 74.629 75.486c-23.497 6.322-42.003 24.947-48.284 48.597-11.412 42.867-11.412 132.305-11.412 132.305s0 89.438 11.412 132.305c6.281 23.65 24.787 41.5 48.284 47.821C117.22 448 288 448 288 448s170.78 0 213.371-11.486c23.497-6.321 42.003-24.171 48.284-47.821 11.412-42.867 11.412-132.305 11.412-132.305s0-89.438-11.412-132.305zm-317.51 213.508V175.185l142.739 81.205-142.739 81.201z\" class=\"\"><\/path><\/svg>                    <\/div>\n                                <span class=\"sby_loader sby_hidden\" style=\"background-color: rgb(255, 255, 255);\"><\/span>\n            <\/a>\n\n                    <\/div>\n    <\/div>\n<\/div><div class=\"sby_item  sby_new sby_transition\" id=\"sby_VVU0LWlNS25EVW96RG5iQXdZTlBjdXlRLkthR1F4d21VYnZj\" data-date=\"1735736202\" data-video-id=\"KaGQxwmUbvc\">\n    <div class=\"sby_inner_item\">\n        <div class=\"sby_video_thumbnail_wrap sby_item_video_thumbnail_wrap\">\n            <a class=\"sby_video_thumbnail sby_item_video_thumbnail\" href=\"https:\/\/www.youtube.com\/watch?v=KaGQxwmUbvc\" target=\"_blank\" rel=\"noopener\" data-full-res=\"https:\/\/i.ytimg.com\/vi\/KaGQxwmUbvc\/hqdefault.jpg\" data-img-src-set=\"{&quot;120&quot;:&quot;https:\\\/\\\/i.ytimg.com\\\/vi\\\/KaGQxwmUbvc\\\/default.jpg&quot;,&quot;320&quot;:&quot;https:\\\/\\\/i.ytimg.com\\\/vi\\\/KaGQxwmUbvc\\\/mqdefault.jpg&quot;,&quot;480&quot;:&quot;https:\\\/\\\/i.ytimg.com\\\/vi\\\/KaGQxwmUbvc\\\/hqdefault.jpg&quot;,&quot;640&quot;:&quot;https:\\\/\\\/i.ytimg.com\\\/vi\\\/KaGQxwmUbvc\\\/sddefault.jpg&quot;}\" data-video-id=\"KaGQxwmUbvc\" data-video-title=\"\u0644\u0637\u0641\u064a \u0628\u0646 \u0633\u0628\u0639\">\n                <img src=\"https:\/\/tna.dz\/fr\/wp-content\/plugins\/feeds-for-youtube\/img\/placeholder.png\" alt=\"\u0644\u0637\u0641\u064a \u0628\u0646 \u0633\u0628\u0639\nTh\u00e9atre National Alg\u00e9rien\">\n\n                <div class=\"sby_thumbnail_hover sby_item_video_thumbnail_hover\">\n                    <div class=\"sby_thumbnail_hover_inner\">\n                                            <\/div>\n                <\/div>\n\n                                    <div class=\"sby_play_btn\" >\n                        <span class=\"sby_play_btn_bg\"><\/span>\n                        <svg aria-hidden=\"true\" focusable=\"false\" data-prefix=\"fab\" data-icon=\"youtube\" role=\"img\" xmlns=\"http:\/\/www.w3.org\/2000\/svg\" viewBox=\"0 0 576 512\" class=\"svg-inline--fa fa-youtube fa-w-18\"><path fill=\"currentColor\" d=\"M549.655 124.083c-6.281-23.65-24.787-42.276-48.284-48.597C458.781 64 288 64 288 64S117.22 64 74.629 75.486c-23.497 6.322-42.003 24.947-48.284 48.597-11.412 42.867-11.412 132.305-11.412 132.305s0 89.438 11.412 132.305c6.281 23.65 24.787 41.5 48.284 47.821C117.22 448 288 448 288 448s170.78 0 213.371-11.486c23.497-6.321 42.003-24.171 48.284-47.821 11.412-42.867 11.412-132.305 11.412-132.305s0-89.438-11.412-132.305zm-317.51 213.508V175.185l142.739 81.205-142.739 81.201z\" class=\"\"><\/path><\/svg>                    <\/div>\n                                <span class=\"sby_loader sby_hidden\" style=\"background-color: rgb(255, 255, 255);\"><\/span>\n            <\/a>\n\n                    <\/div>\n    <\/div>\n<\/div><div class=\"sby_item  sby_new sby_transition\" id=\"sby_VVU0LWlNS25EVW96RG5iQXdZTlBjdXlRLnNTSmp1dUh2cC1J\" data-date=\"1735650693\" data-video-id=\"sSJjuuHvp-I\">\n    <div class=\"sby_inner_item\">\n        <div class=\"sby_video_thumbnail_wrap sby_item_video_thumbnail_wrap\">\n            <a class=\"sby_video_thumbnail sby_item_video_thumbnail\" href=\"https:\/\/www.youtube.com\/watch?v=sSJjuuHvp-I\" target=\"_blank\" rel=\"noopener\" data-full-res=\"https:\/\/i.ytimg.com\/vi\/sSJjuuHvp-I\/hqdefault.jpg\" data-img-src-set=\"{&quot;120&quot;:&quot;https:\\\/\\\/i.ytimg.com\\\/vi\\\/sSJjuuHvp-I\\\/default.jpg&quot;,&quot;320&quot;:&quot;https:\\\/\\\/i.ytimg.com\\\/vi\\\/sSJjuuHvp-I\\\/mqdefault.jpg&quot;,&quot;480&quot;:&quot;https:\\\/\\\/i.ytimg.com\\\/vi\\\/sSJjuuHvp-I\\\/hqdefault.jpg&quot;,&quot;640&quot;:&quot;https:\\\/\\\/i.ytimg.com\\\/vi\\\/sSJjuuHvp-I\\\/sddefault.jpg&quot;}\" data-video-id=\"sSJjuuHvp-I\" data-video-title=\"\u0645\u0631\u0627\u062f \u0633\u0646\u0648\u0633\u064a\">\n                <img src=\"https:\/\/tna.dz\/fr\/wp-content\/plugins\/feeds-for-youtube\/img\/placeholder.png\" alt=\"\u0645\u0631\u0627\u062f \u0633\u0646\u0648\u0633\u064a\nTh\u00e9atre National Alg\u00e9rien\">\n\n                <div class=\"sby_thumbnail_hover sby_item_video_thumbnail_hover\">\n                    <div class=\"sby_thumbnail_hover_inner\">\n                                            <\/div>\n                <\/div>\n\n                                    <div class=\"sby_play_btn\" >\n                        <span class=\"sby_play_btn_bg\"><\/span>\n                        <svg aria-hidden=\"true\" focusable=\"false\" data-prefix=\"fab\" data-icon=\"youtube\" role=\"img\" xmlns=\"http:\/\/www.w3.org\/2000\/svg\" viewBox=\"0 0 576 512\" class=\"svg-inline--fa fa-youtube fa-w-18\"><path fill=\"currentColor\" d=\"M549.655 124.083c-6.281-23.65-24.787-42.276-48.284-48.597C458.781 64 288 64 288 64S117.22 64 74.629 75.486c-23.497 6.322-42.003 24.947-48.284 48.597-11.412 42.867-11.412 132.305-11.412 132.305s0 89.438 11.412 132.305c6.281 23.65 24.787 41.5 48.284 47.821C117.22 448 288 448 288 448s170.78 0 213.371-11.486c23.497-6.321 42.003-24.171 48.284-47.821 11.412-42.867 11.412-132.305 11.412-132.305s0-89.438-11.412-132.305zm-317.51 213.508V175.185l142.739 81.205-142.739 81.201z\" class=\"\"><\/path><\/svg>                    <\/div>\n                                <span class=\"sby_loader sby_hidden\" style=\"background-color: rgb(255, 255, 255);\"><\/span>\n            <\/a>\n\n                    <\/div>\n    <\/div>\n<\/div>    <\/div>\n    \n\t<div class=\"sby_footer\">\n\n    <button type=\"button\" aria-label=\"Load more content\" class=\"sby_load_btn\"  >\n        <span class=\"sby_btn_text\" >Charger plus\u2026<\/span>\n        <span class=\"sby_loader sby_hidden\" style=\"background-color: rgb(255, 255, 255);\"><\/span>\n    <\/button>\n\n    <span \n        class=\"sby_follow_btn\" \n            >\n        <a \n            href=\"https:\/\/www.youtube.com\/channel\/UC4-iMKnDUozDnbAwYNPcuyQ\/\"\n             \n            target=\"_blank\" \n            rel=\"noopener\"\n        >\n            <svg aria-hidden=\"true\" focusable=\"false\" data-prefix=\"fab\" data-icon=\"youtube\" role=\"img\" xmlns=\"http:\/\/www.w3.org\/2000\/svg\" viewBox=\"0 0 576 512\" class=\"svg-inline--fa fa-youtube fa-w-18\"><path fill=\"currentColor\" d=\"M549.655 124.083c-6.281-23.65-24.787-42.276-48.284-48.597C458.781 64 288 64 288 64S117.22 64 74.629 75.486c-23.497 6.322-42.003 24.947-48.284 48.597-11.412 42.867-11.412 132.305-11.412 132.305s0 89.438 11.412 132.305c6.281 23.65 24.787 41.5 48.284 47.821C117.22 448 288 448 288 448s170.78 0 213.371-11.486c23.497-6.321 42.003-24.171 48.284-47.821 11.412-42.867 11.412-132.305 11.412-132.305s0-89.438-11.412-132.305zm-317.51 213.508V175.185l142.739 81.205-142.739 81.201z\" class=\"\"><\/path><\/svg>            <span  >\n                Subscribe            <\/span>\n        <\/a>\n    <\/span>\n<\/div>\n    \n\t\n<\/div>\n\n<style type=\"text\/css\">body #sb_youtube_sbyUC4iMKnDUozDnbAwYNPcuyQ4 .sby_caption_wrap .sby_caption { font-size: 13px !important}body #sb_youtube_sbyUC4iMKnDUozDnbAwYNPcuyQ4[data-videostyle=boxed] .sby_items_wrap .sby_item .sby_inner_item { background-color: #ffffff !important}<\/style>\n","protected":false},"excerpt":{"rendered":"<p>Suivez nos programmes sur notre cha\u00eene YouTube&#8230;<\/p>\n","protected":false},"author":1,"featured_media":0,"parent":0,"menu_order":0,"comment_status":"closed","ping_status":"closed","template":"","meta":{"footnotes":""},"yoast_head":"<!-- This site is optimized with the Yoast SEO plugin v21.2 - https:\/\/yoast.com\/wordpress\/plugins\/seo\/ -->\n<title>Audio Visuel - Th\u00e9\u00e2tre national alg\u00e9rien<\/title>\n<meta name=\"description\" content=\"Suivez nos programmes sur notre cha\u00eene YouTube...\" \/>\n<meta name=\"robots\" content=\"index, follow, max-snippet:-1, max-image-preview:large, max-video-preview:-1\" \/>\n<link rel=\"canonical\" href=\"https:\/\/tna.dz\/fr\/audio-visuel-2\/\" \/>\n<meta property=\"og:locale\" content=\"fr_FR\" \/>\n<meta property=\"og:type\" content=\"article\" \/>\n<meta property=\"og:title\" content=\"Audio Visuel - Th\u00e9\u00e2tre national alg\u00e9rien\" \/>\n<meta property=\"og:description\" content=\"Suivez nos programmes sur notre cha\u00eene YouTube...\" \/>\n<meta property=\"og:url\" content=\"https:\/\/tna.dz\/fr\/audio-visuel-2\/\" \/>\n<meta property=\"og:site_name\" content=\"Th\u00e9\u00e2tre national alg\u00e9rien\" \/>\n<meta property=\"article:modified_time\" content=\"2020-11-09T08:02:06+00:00\" \/>\n<meta name=\"twitter:card\" content=\"summary_large_image\" \/>\n<script type=\"application\/ld+json\" class=\"yoast-schema-graph\">{\"@context\":\"https:\/\/schema.org\",\"@graph\":[{\"@type\":\"WebPage\",\"@id\":\"https:\/\/tna.dz\/fr\/audio-visuel-2\/\",\"url\":\"https:\/\/tna.dz\/fr\/audio-visuel-2\/\",\"name\":\"Audio Visuel - Th\u00e9\u00e2tre national alg\u00e9rien\",\"isPartOf\":{\"@id\":\"https:\/\/tna.dz\/fr\/#website\"},\"datePublished\":\"2019-03-24T16:52:56+00:00\",\"dateModified\":\"2020-11-09T08:02:06+00:00\",\"description\":\"Suivez nos programmes sur notre cha\u00eene YouTube...\",\"breadcrumb\":{\"@id\":\"https:\/\/tna.dz\/fr\/audio-visuel-2\/#breadcrumb\"},\"inLanguage\":\"fr-FR\",\"potentialAction\":[{\"@type\":\"ReadAction\",\"target\":[\"https:\/\/tna.dz\/fr\/audio-visuel-2\/\"]}]},{\"@type\":\"BreadcrumbList\",\"@id\":\"https:\/\/tna.dz\/fr\/audio-visuel-2\/#breadcrumb\",\"itemListElement\":[{\"@type\":\"ListItem\",\"position\":1,\"name\":\"Accueil\",\"item\":\"https:\/\/tna.dz\/fr\/\"},{\"@type\":\"ListItem\",\"position\":2,\"name\":\"Audio Visuel\"}]},{\"@type\":\"WebSite\",\"@id\":\"https:\/\/tna.dz\/fr\/#website\",\"url\":\"https:\/\/tna.dz\/fr\/\",\"name\":\"Th\u00e9\u00e2tre national alg\u00e9rien\",\"description\":\"Th\u00e9\u00e2tre national alg\u00e9rien Mahieddine Bachtarzi\",\"publisher\":{\"@id\":\"https:\/\/tna.dz\/fr\/#organization\"},\"potentialAction\":[{\"@type\":\"SearchAction\",\"target\":{\"@type\":\"EntryPoint\",\"urlTemplate\":\"https:\/\/tna.dz\/fr\/?s={search_term_string}\"},\"query-input\":\"required name=search_term_string\"}],\"inLanguage\":\"fr-FR\"},{\"@type\":\"Organization\",\"@id\":\"https:\/\/tna.dz\/fr\/#organization\",\"name\":\"Le Th\u00e9\u00e2tre national alg\u00e9rien\",\"url\":\"https:\/\/tna.dz\/fr\/\",\"logo\":{\"@type\":\"ImageObject\",\"inLanguage\":\"fr-FR\",\"@id\":\"https:\/\/tna.dz\/fr\/#\/schema\/logo\/image\/\",\"url\":\"https:\/\/www.tna.dz\/fr\/wp-content\/uploads\/2019\/11\/repertoire-tna-2018-2-1.png\",\"contentUrl\":\"https:\/\/www.tna.dz\/fr\/wp-content\/uploads\/2019\/11\/repertoire-tna-2018-2-1.png\",\"width\":200,\"height\":84,\"caption\":\"Le Th\u00e9\u00e2tre national alg\u00e9rien\"},\"image\":{\"@id\":\"https:\/\/tna.dz\/fr\/#\/schema\/logo\/image\/\"}}]}<\/script>\n<!-- \/ Yoast SEO plugin. -->","yoast_head_json":{"title":"Audio Visuel - Th\u00e9\u00e2tre national alg\u00e9rien","description":"Suivez nos programmes sur notre cha\u00eene YouTube...","robots":{"index":"index","follow":"follow","max-snippet":"max-snippet:-1","max-image-preview":"max-image-preview:large","max-video-preview":"max-video-preview:-1"},"canonical":"https:\/\/tna.dz\/fr\/audio-visuel-2\/","og_locale":"fr_FR","og_type":"article","og_title":"Audio Visuel - Th\u00e9\u00e2tre national alg\u00e9rien","og_description":"Suivez nos programmes sur notre cha\u00eene YouTube...","og_url":"https:\/\/tna.dz\/fr\/audio-visuel-2\/","og_site_name":"Th\u00e9\u00e2tre national alg\u00e9rien","article_modified_time":"2020-11-09T08:02:06+00:00","twitter_card":"summary_large_image","schema":{"@context":"https:\/\/schema.org","@graph":[{"@type":"WebPage","@id":"https:\/\/tna.dz\/fr\/audio-visuel-2\/","url":"https:\/\/tna.dz\/fr\/audio-visuel-2\/","name":"Audio Visuel - Th\u00e9\u00e2tre national alg\u00e9rien","isPartOf":{"@id":"https:\/\/tna.dz\/fr\/#website"},"datePublished":"2019-03-24T16:52:56+00:00","dateModified":"2020-11-09T08:02:06+00:00","description":"Suivez nos programmes sur notre cha\u00eene YouTube...","breadcrumb":{"@id":"https:\/\/tna.dz\/fr\/audio-visuel-2\/#breadcrumb"},"inLanguage":"fr-FR","potentialAction":[{"@type":"ReadAction","target":["https:\/\/tna.dz\/fr\/audio-visuel-2\/"]}]},{"@type":"BreadcrumbList","@id":"https:\/\/tna.dz\/fr\/audio-visuel-2\/#breadcrumb","itemListElement":[{"@type":"ListItem","position":1,"name":"Accueil","item":"https:\/\/tna.dz\/fr\/"},{"@type":"ListItem","position":2,"name":"Audio Visuel"}]},{"@type":"WebSite","@id":"https:\/\/tna.dz\/fr\/#website","url":"https:\/\/tna.dz\/fr\/","name":"Th\u00e9\u00e2tre national alg\u00e9rien","description":"Th\u00e9\u00e2tre national alg\u00e9rien Mahieddine Bachtarzi","publisher":{"@id":"https:\/\/tna.dz\/fr\/#organization"},"potentialAction":[{"@type":"SearchAction","target":{"@type":"EntryPoint","urlTemplate":"https:\/\/tna.dz\/fr\/?s={search_term_string}"},"query-input":"required name=search_term_string"}],"inLanguage":"fr-FR"},{"@type":"Organization","@id":"https:\/\/tna.dz\/fr\/#organization","name":"Le Th\u00e9\u00e2tre national alg\u00e9rien","url":"https:\/\/tna.dz\/fr\/","logo":{"@type":"ImageObject","inLanguage":"fr-FR","@id":"https:\/\/tna.dz\/fr\/#\/schema\/logo\/image\/","url":"https:\/\/www.tna.dz\/fr\/wp-content\/uploads\/2019\/11\/repertoire-tna-2018-2-1.png","contentUrl":"https:\/\/www.tna.dz\/fr\/wp-content\/uploads\/2019\/11\/repertoire-tna-2018-2-1.png","width":200,"height":84,"caption":"Le Th\u00e9\u00e2tre national alg\u00e9rien"},"image":{"@id":"https:\/\/tna.dz\/fr\/#\/schema\/logo\/image\/"}}]}},"_links":{"self":[{"href":"https:\/\/tna.dz\/fr\/wp-json\/wp\/v2\/pages\/801"}],"collection":[{"href":"https:\/\/tna.dz\/fr\/wp-json\/wp\/v2\/pages"}],"about":[{"href":"https:\/\/tna.dz\/fr\/wp-json\/wp\/v2\/types\/page"}],"author":[{"embeddable":true,"href":"https:\/\/tna.dz\/fr\/wp-json\/wp\/v2\/users\/1"}],"replies":[{"embeddable":true,"href":"https:\/\/tna.dz\/fr\/wp-json\/wp\/v2\/comments?post=801"}],"version-history":[{"count":0,"href":"https:\/\/tna.dz\/fr\/wp-json\/wp\/v2\/pages\/801\/revisions"}],"wp:attachment":[{"href":"https:\/\/tna.dz\/fr\/wp-json\/wp\/v2\/media?parent=801"}],"curies":[{"name":"wp","href":"https:\/\/api.w.org\/{rel}","templated":true}]}}